{"id":31767,"date":"2026-03-29T11:47:05","date_gmt":"2026-03-29T11:47:05","guid":{"rendered":"https:\/\/lunafry.store\/product\/smoture-akku-staubsauger-50000pa-600w-65min-staubsauger-kabellos-mit-mini-elektroburste-1m-schlauch-aromafunktion-touchscreen-anti-tangle-burste-selbststehend-fur-tierhaare-teppiche-hartboden-auto\/"},"modified":"2026-03-29T11:51:16","modified_gmt":"2026-03-29T11:51:16","slug":"smoture-akku-staubsauger-50000pa-600w-65min-staubsauger-kabellos-mit-mini-elektroburste-1m-schlauch-aromafunktion-touchscreen-anti-tangle-burste-selbststehend-fur-tierhaare-teppiche-hartboden-auto","status":"publish","type":"product","link":"https:\/\/lunafry.store\/en\/product\/smoture-akku-staubsauger-50000pa-600w-65min-staubsauger-kabellos-mit-mini-elektroburste-1m-schlauch-aromafunktion-touchscreen-anti-tangle-burste-selbststehend-fur-tierhaare-teppiche-hartboden-auto\/","title":{"rendered":"SMOTURE Akku Staubsauger 50.000Pa, 600W, 65 Min, Anti-Tangle-B\u00fcrste, Touchscreen, Aromafunktion, f\u00fcr Tierhaare, Teppiche &#038; Auto"},"content":{"rendered":"<p><strong>Product Overview<\/strong><\/p>\n<ul>\n<li>\n<strong>Marke:<\/strong> SMOTURE<\/li>\n<li>\n<strong>Besonderes Merkmal:<\/strong> <\/li>\n<li>\n<strong>Filtertyp:<\/strong> Edelstahlfilter, HEPA-Filter, Schwammfilter<\/li>\n<li>\n<strong>Oberfl\u00e4chenempfehlung:<\/strong> Alle Etagen, Harter Boden, Teppich, Keramikfliese, Polsterung, Auto<\/li>\n<li>\n<strong>Stromquelle:<\/strong> Batteriebetrieben<\/li>\n<\/ul>\n<p><strong>Product Features<\/strong><\/p>\n<ul>\n<li>&#x1f3c6;\u301050.000 Pa Hochleistung &#038; 65 Minuten Laufzeit \u2013 F\u00fcr gro\u00dfe Wohnungen ohne Nachladen\u3011Ob tiefe Teppichfasern im Wohnzimmer oder hartn\u00e4ckige Kr\u00fcmel unter dem Esstisch \u2013 mit der extremen Saugkraft von 50.000 Pa meistert dieser Akku Staubsauger auch die gr\u00fcndlichste Reinigung. Dank 65 Minuten Laufzeit reinigen Sie Ihr gesamtes Zuhause in einem Durchgang, ohne auf eine Ladestation angewiesen zu sein. Ideal f\u00fcr Haushalte mit hohem Reinigungsaufwand.<\/li>\n<li>&#x2b50;\u3010Mini-Elektrob\u00fcrste \u2013 Perfekt f\u00fcr Sofa, Bett &#038; Haustierhaare\u3011Ob Katzenhaare auf dem Sofa, Hundehaare im Auto oder Staub auf der Matratze \u2013 dieser kabellose Akkustaubsauger mit Mini-Elektrob\u00fcrste sorgt f\u00fcr eine hygienische Tiefenreinigung, wo sie am meisten gebraucht wird. Dank der kraftvollen Elektrob\u00fcrste werden selbst feinste Partikel und tiefsitzende Tierhaare zuverl\u00e4ssig entfernt. Ideal f\u00fcr Haushalte mit Haustieren oder Allergiker, die Wert auf gr\u00fcndliche Sauberkeit legen.<\/li>\n<li>&#x2b50;\u3010Flexschlauch &#038; vielseitiges Zubeh\u00f6r \u2013 F\u00fcr eine m\u00fchelose Reinigung an jedem Ort\u3011Der 1-Meter-Flexschlauch erm\u00f6glicht es Ihnen, das Ger\u00e4t abzustellen und nur den Schlauch zu f\u00fchren. So erreichen Sie schwer zug\u00e4ngliche Stellen, ohne den Staubsauger st\u00e4ndig hochhalten zu m\u00fcssen \u2013 f\u00fcr eine gelenkschonende Reinigung. In Kombination mit dem 2-in-1-B\u00fcrstenaufsatz, Fugenaufsatz und Teleskoprohr bew\u00e4ltigt dieser kabellose Staubsauger vielf\u00e4ltige Aufgaben: Staub von Schr\u00e4nken, enge Spalten hinter M\u00f6beln, Spinnweben an der Decke \u2013 und selbst Autositze sowie Fahrzeugzwischenr\u00e4ume. Ein vielseitiger Allrounder f\u00fcr Ihr Zuhause.<\/li>\n<li>&#x1f3c6;\u3010Automatikmodus &#038; Touch-Display \u2013 Intelligente Reinigung, manuelle Flexibilit\u00e4t\u3011Mit dem intelligenten Automatikmodus erkennt der kabelloser Staubsauger automatisch den Bodenbelag und passt die Saugkraft ideal an \u2013 f\u00fcr die perfekte Reinigung, ohne selbst Einstellungen vornehmen zu m\u00fcssen. F\u00fcr mehr Kontrolle steht Ihnen der manuelle Modus mit drei Leistungsstufen zur Verf\u00fcgung, die Sie bequem \u00fcber das Touch-Display anpassen k\u00f6nnen. Das Display zeigt Ihnen zudem jederzeit den Ger\u00e4testatus an und gibt bei Bedarf gezielte Fehlerhinweise \u2013 so wissen Sie sofort, was zu tun ist, und k\u00f6nnen Probleme schnell selbst l\u00f6sen.<\/li>\n<li>&#x1f3c6;\u3010Kein Haarwickel, reine Luft \u2013 Perfekt f\u00fcr Allergiker &#038; gro\u00dfe Wohnungen\u3011Die spezielle Anti-Haarwickel-B\u00fcrstenrolle mit integrierter Schneidkante verhindert zuverl\u00e4ssig, dass sich lange Haare oder Tierhaare um die Walze wickeln \u2013 f\u00fcr eine m\u00fchelose Reinigung mit diesem Staubsauger kabellos ohne l\u00e4stiges manuelles Entfernen. Das fortschrittliche 8-stufige Filtersystem mit HEPA-Klasse h\u00e4lt selbst feinste Staubpartikel zur\u00fcck und sorgt f\u00fcr frische, saubere Luft \u2013 ideal f\u00fcr Familien mit Kindern oder Allergikern. Der gro\u00dfe Staubbeh\u00e4lter erm\u00f6glicht l\u00e4ngeres Saugen, ohne st\u00e4ndig entleeren zu m\u00fcssen \u2013 perfekt f\u00fcr gr\u00f6\u00dfere Wohnungen.<\/li>\n<li>&#x1f3c6;\u3010Kabelloses Laden &#038; optionaler Wechselakku \u2013 Bis zu 130 Minuten Laufzeit f\u00fcr gro\u00dfe Wohnungen\u3011 Nach der Reinigung einfach in die Wandhalterung einklicken \u2013 der kabellose Staubsauger l\u00e4dt automatisch, ohne l\u00e4stiges Kabelstecken. So ist er jederzeit einsatzbereit, wenn Sie ihn brauchen \u2013 f\u00fcr spontane Reinigungen im Alltag, ob nach dem Kochen, beim Spielen mit Kindern oder einfach f\u00fcr ein sauberes Zuhause in Sekundenschnelle. F\u00fcr noch mehr Flexibilit\u00e4t bieten wir in unserem Shop einen zus\u00e4tzlichen Wechselakku an \u2013 damit verl\u00e4ngert sich die Gesamtlaufzeit auf bis zu 130 Minuten. Ideal f\u00fcr gr\u00f6\u00dfere Wohnungen oder die gr\u00fcndliche Reinigung auf mehreren Etagen.<\/li>\n<li>&#x1f3c6;\u3010Duftfunktion &#038; selbststehendes Design \u2013 Frische &#038; Komfort f\u00fcr Ihr Zuhause\u3011Die integrierte Duftfunktion verbreitet w\u00e4hrend der Reinigung einen angenehmen Duft \u2013 f\u00fcr ein frisches Raumklima, ideal nach dem Kochen oder an warmen Tagen. Im Lieferumfang sind zwei Duftpl\u00e4ttchen in zwei verschiedenen Duftrichtungen enthalten, sodass Sie Ihre Lieblingsnote ganz einfach w\u00e4hlen k\u00f6nnen. Das selbststehende Design erm\u00f6glicht es Ihnen, den kabellosen Staubsauger jederzeit sicher abzustellen \u2013 ganz praktisch, wenn Sie kurz unterbrechen oder M\u00f6bel umstellen m\u00f6chten, ohne das Ger\u00e4t anlehnen oder ablegen zu m\u00fcssen.<\/li>\n<\/ul>\n<p><strong>Product Information<\/strong><\/p>\n<ul>\n<table style=\"margin-bottom:20px\">\n<tbody>\n<tr>\n<td><strong>Besondere Merkmale<\/strong><\/td>\n<td>\u27a4600\u202fW Power 50KPa Saugleistung f\u00fcr kraftvolle Reinigung auf Teppich und Hartboden \u27a4Bis zu 65 Minuten Laufzeit \u2013 bietet ausreichend Zeit f\u00fcr die komplette Hausreinigung \u27a4Mini-Turbinend\u00fcse\u2013Halten Sie Betten, Sofas und M\u00f6beloberfl\u00e4chen sauber \u27a4Mehrere Saugmodi f\u00fcr alle Reinigungsanforderungen: Manueller Modus mit drei Einstellungen und automatische Saugkraftanpassung, \u27a48 stufiges Filtersystem mit zwei Duftscheiben, die einen angenehmen Duft verstr\u00f6men und f\u00fcr frische Luft sorgen \u27a4zuverl\u00e4ssiger Service \u2013 Inklusive 24 Monate Garantie &#038; 24\/7 Kundenservice, \u27a4Wandmontierte Ladestation mit drei Lademodi und herausnehmbarem Akku \u2013 maximale Flexibilit\u00e4t \u27a4Schluss mit Haarverwicklungen \u2013 die Anti-Tangle-B\u00fcrste sorgt f\u00fcr unterbrechungsfreies Saugen, besonders bei Tierhaaren \u27a4Freistehendes Design f\u00fcr einfache Platzierung an jedem beliebigen Ort, mit ausziehbarem Rohr mit einstellbarer L\u00e4nge<\/td>\n<\/tr>\n<tr>\n<td><strong>Filtertyp<\/strong><\/td>\n<td>Edelstahlfilter, HEPA-Filter, Schwammfilter<\/td>\n<\/tr>\n<tr>\n<td><strong>Geeignete Gel\u00e4ndeart<\/strong><\/td>\n<td>Alle Etagen, Harter Boden, Teppich, Keramikfliese, Polsterung, Auto<\/td>\n<\/tr>\n<tr>\n<td><strong>Kapazit\u00e4t<\/strong><\/td>\n<td>1,6 Liter<\/td>\n<\/tr>\n<tr>\n<td><strong>Empfohlene Verw.bereiche f\u00fcr Produkt<\/strong><\/td>\n<td>Teppiche, Hartb\u00f6den, Polsterm\u00f6bel, Tierhaare<\/td>\n<\/tr>\n<tr>\n<td><strong>Farbe<\/strong><\/td>\n<td>Golden<\/td>\n<\/tr>\n<tr>\n<td><strong>Ger\u00e4uschpegel<\/strong><\/td>\n<td>60 Dezibel<\/td>\n<\/tr>\n<tr>\n<td><strong>Anzahl G\u00e4nge<\/strong><\/td>\n<td>4<\/td>\n<\/tr>\n<tr>\n<td><strong>Pfadbreite reinigen<\/strong><\/td>\n<td>25 Zentimeter<\/td>\n<\/tr>\n<tr>\n<td><strong>Tragbar<\/strong><\/td>\n<td>Ja<\/td>\n<\/tr>\n<tr>\n<td><strong>Anzahl Leistungsstufen<\/strong><\/td>\n<td>4<\/td>\n<\/tr>\n<tr>\n<td><strong>Verwendung im Innen- und Au\u00dfenbereich<\/strong><\/td>\n<td>Innenbereich<\/td>\n<\/tr>\n<tr>\n<td><strong>Spannung<\/strong><\/td>\n<td>29,6 Volt<\/td>\n<\/tr>\n<tr>\n<td><strong>Artikelgewicht<\/strong><\/td>\n<td>1,8 Kilogramm<\/td>\n<\/tr>\n<tr>\n<td><strong>Artikel Abmessungen L x B x H<\/strong><\/td>\n<td>45L x 25B x 15H cm<\/td>\n<\/tr>\n<tr>\n<td><strong>Schlauchl\u00e4nge<\/strong><\/td>\n<td>1 Meter<\/td>\n<\/tr>\n<tr>\n<td><strong>Marke<\/strong><\/td>\n<td>SMOTURE<\/td>\n<\/tr>\n<tr>\n<td><strong>Eingeschlossene Komponenten<\/strong><\/td>\n<td>1 x akku staubsauger VAC01, 1x Mini-Turbinend\u00fcse, 1x 1M Schlauch, 1 x 2-in-1-B\u00fcrste, 1 x lange Fugenb\u00fcrste, 1 x Wandhalterung(mit Schrauben) , 1 x Ladeger\u00e4t, 1 x zus\u00e4tzlich HEPA Filter&#038;Schwammfilter, 2 x Duftblatt, 1 x Bedienungsanleitun<\/td>\n<\/tr>\n<tr>\n<td><strong>Modellname<\/strong><\/td>\n<td>VAC01<\/td>\n<\/tr>\n<tr>\n<td><strong>Modellnummer<\/strong><\/td>\n<td>VAC01<\/td>\n<\/tr>\n<tr>\n<td><strong>Herkunftsland<\/strong><\/td>\n<td>China<\/td>\n<\/tr>\n<tr>\n<td><strong>Hersteller<\/strong><\/td>\n<td>SMOTURE<\/td>\n<\/tr>\n<tr>\n<td><strong>Anzahl von Artikeln<\/strong><\/td>\n<td>1<\/td>\n<\/tr>\n<tr>\n<td><strong>Amazon Bestseller-Rang<\/strong><\/td>\n<td><\/td>\n<\/tr>\n<tr>\n<td><strong>ASIN<\/strong><\/td>\n<td>B0G64ZJ5MQ<\/td>\n<\/tr>\n<tr>\n<td><strong>Durchschnittliche Kundenbewertung<\/strong><\/td>\n<td><\/td>\n<\/tr>\n<tr>\n<td><strong>Betriebsart<\/strong><\/td>\n<td>Batteriebetrieben<\/td>\n<\/tr>\n<tr>\n<td><strong>Ist das Produkt kabellos<\/strong><\/td>\n<td>Ja<\/td>\n<\/tr>\n<tr>\n<td><strong>Akkulaufzeit<\/strong><\/td>\n<td>65 Minuten<\/td>\n<\/tr>\n<tr>\n<td><strong>Dauer<\/strong><\/td>\n<td>30 Minuten<\/td>\n<\/tr>\n<tr>\n<td><strong>Formfaktor<\/strong><\/td>\n<td>Stick<\/td>\n<\/tr>\n<\/tbody>\n<\/table>\n<\/ul>","protected":false},"excerpt":{"rendered":"<p>Product Overview Marke: SMOTURE Besonderes Merkmal: Filtertyp: Edelstahlfilter, HEPA-Filter, Schwammfilter Oberfl\u00e4chenempfehlung: Alle Etagen, Harter Boden, Teppich, Keramikfliese, Polsterung, Auto Stromquelle:<\/p>","protected":false},"featured_media":31780,"comment_status":"open","ping_status":"closed","template":"","meta":[],"product_brand":[],"product_cat":[],"product_tag":[],"class_list":{"0":"post-31767","1":"product","2":"type-product","3":"status-publish","4":"has-post-thumbnail","7":"first","8":"instock","9":"sale","10":"shipping-taxable","11":"purchasable","12":"product-type-variable"},"jetpack_sharing_enabled":true,"_links":{"self":[{"href":"https:\/\/lunafry.store\/en\/wp-json\/wp\/v2\/product\/31767","targetHints":{"allow":["GET"]}}],"collection":[{"href":"https:\/\/lunafry.store\/en\/wp-json\/wp\/v2\/product"}],"about":[{"href":"https:\/\/lunafry.store\/en\/wp-json\/wp\/v2\/types\/product"}],"replies":[{"embeddable":true,"href":"https:\/\/lunafry.store\/en\/wp-json\/wp\/v2\/comments?post=31767"}],"version-history":[{"count":0,"href":"https:\/\/lunafry.store\/en\/wp-json\/wp\/v2\/product\/31767\/revisions"}],"wp:featuredmedia":[{"embeddable":true,"href":"https:\/\/lunafry.store\/en\/wp-json\/wp\/v2\/media\/31780"}],"wp:attachment":[{"href":"https:\/\/lunafry.store\/en\/wp-json\/wp\/v2\/media?parent=31767"}],"wp:term":[{"taxonomy":"product_brand","embeddable":true,"href":"https:\/\/lunafry.store\/en\/wp-json\/wp\/v2\/product_brand?post=31767"},{"taxonomy":"product_cat","embeddable":true,"href":"https:\/\/lunafry.store\/en\/wp-json\/wp\/v2\/product_cat?post=31767"},{"taxonomy":"product_tag","embeddable":true,"href":"https:\/\/lunafry.store\/en\/wp-json\/wp\/v2\/product_tag?post=31767"}],"curies":[{"name":"wp","href":"https:\/\/api.w.org\/{rel}","templated":true}]}}