{"id":31755,"date":"2026-03-29T11:47:03","date_gmt":"2026-03-29T11:47:03","guid":{"rendered":"https:\/\/lunafry.store\/product\/rowenta-x-clean-10-kabelloser-akku-nass-trockensauger-saugwischer-selbstreinigend-und-trocknend-nasssauger-ultraleicht-nur-0-8-kg-in-der-hand-waschsauger-mit-60-min-laufzeit-weiss-yy5785fe\/"},"modified":"2026-03-29T11:51:19","modified_gmt":"2026-03-29T11:51:19","slug":"rowenta-x-clean-10-kabelloser-akku-nass-trockensauger-saugwischer-selbstreinigend-und-trocknend-nasssauger-ultraleicht-nur-0-8-kg-in-der-hand-waschsauger-mit-60-min-laufzeit-weiss-yy5785fe","status":"publish","type":"product","link":"https:\/\/lunafry.store\/en\/product\/rowenta-x-clean-10-kabelloser-akku-nass-trockensauger-saugwischer-selbstreinigend-und-trocknend-nasssauger-ultraleicht-nur-0-8-kg-in-der-hand-waschsauger-mit-60-min-laufzeit-weiss-yy5785fe\/","title":{"rendered":"Rowenta X-Clean 10 Akku Nass-Trockensauger, 60 Min, 0,8 kg, selbstreinigend &#038; selbsttrocknend, kabellos, Wei\u00df"},"content":{"rendered":"<p><strong>Product Overview<\/strong><\/p>\n<ul>\n<li>\n<strong>Marke:<\/strong> Rowenta<\/li>\n<li>\n<strong>Besonderes Merkmal:<\/strong> <\/li>\n<li>\n<strong>Filtertyp:<\/strong> Patrone, Schaum<\/li>\n<li>\n<strong>Oberfl\u00e4chenempfehlung:<\/strong> Alle Etagen<\/li>\n<li>\n<strong>Stromquelle:<\/strong> Batteriebetrieben<\/li>\n<\/ul>\n<p><strong>Product Features<\/strong><\/p>\n<ul>\n<li>Makellose Ergebnisse in k\u00fcrzester Zeit: Ein Akku-Nass-Trockensauger, der in einem einzigen Arbeitsgang saugt und wischt, f\u00fcr eine zeitsparende All-in-One-Reinigungsl\u00f6sung<\/li>\n<li>M\u00fcheloses Staubsaugen: Selbstfahrendes Rollensystem von Narwal f\u00fcr ein ultraleichtes Reinigungserlebnis, das nur 0,8 kg in der Hand wiegt \u2013 mit einem flexiblen 180-Grad-Design<\/li>\n<li>Extra-lange Laufzeit: Laufzeit von bis zu 60 Minuten mit einer einzigen Ladung &#8211; ideal f\u00fcr unerwartete Verschmutzungen und eine gr\u00fcndliche Reinigung<\/li>\n<li>Selbstreinigungssystem: Exklusives, bidirektionales, selbstreinigendes und selbsttrocknendes System, das auf Knopfdruck angetrieben wird; f\u00fcr ein Ger\u00e4t, das immer sauber, trocken und einsatzbereit ist<\/li>\n<li>Spitzentechnologie: Innovative L\u00f6sungen f\u00fcr eine leichtere, einschlie\u00dflich Sprachunterst\u00fctzung, benutzerfreundlicher Steuerungen \u00fcber einen LED-Bildschirm, Echtzeit-Schmutzverfolgung und mehr<\/li>\n<\/ul>\n<p><strong>Product Information<\/strong><\/p>\n<ul>\n<table style=\"margin-bottom:20px\">\n<tbody>\n<tr>\n<td><strong>Besondere Merkmale<\/strong><\/td>\n<td>60 Minuten Laufzeit, Steuerung \u00fcber LED-Bildschirm, selbstreinigendes und selbsttrocknendes System, ultraleicht: wiegt nur 0,8 kg in der Hand, verhedderungsfreier Mikrofaser-Roller<\/td>\n<\/tr>\n<tr>\n<td><strong>Filtertyp<\/strong><\/td>\n<td>Patrone, Schaum<\/td>\n<\/tr>\n<tr>\n<td><strong>Geeignete Gel\u00e4ndeart<\/strong><\/td>\n<td>Alle Etagen<\/td>\n<\/tr>\n<tr>\n<td><strong>Empfohlene Verw.bereiche f\u00fcr Produkt<\/strong><\/td>\n<td>Hausreinigung, Teppichb\u00f6den, Hartb\u00f6den, Tierhaarentfernung<\/td>\n<\/tr>\n<tr>\n<td><strong>Farbe<\/strong><\/td>\n<td>Wei\u00df<\/td>\n<\/tr>\n<tr>\n<td><strong>Ger\u00e4uschpegel<\/strong><\/td>\n<td>76 Dezibel<\/td>\n<\/tr>\n<tr>\n<td><strong>Stil\/Form<\/strong><\/td>\n<td>X-Clean 10 mit Zusatzfilter<\/td>\n<\/tr>\n<tr>\n<td><strong>Tragbar<\/strong><\/td>\n<td>Ja<\/td>\n<\/tr>\n<tr>\n<td><strong>Anzahl Leistungsstufen<\/strong><\/td>\n<td>1<\/td>\n<\/tr>\n<tr>\n<td><strong>Verwendung im Innen- und Au\u00dfenbereich<\/strong><\/td>\n<td>Innenbereich<\/td>\n<\/tr>\n<tr>\n<td><strong>Betriebsart<\/strong><\/td>\n<td>Batteriebetrieben<\/td>\n<\/tr>\n<tr>\n<td><strong>Ist das Produkt kabellos<\/strong><\/td>\n<td>Ja<\/td>\n<\/tr>\n<tr>\n<td><strong>Spannung<\/strong><\/td>\n<td>21,6 Volt<\/td>\n<\/tr>\n<tr>\n<td><strong>Wattleistung<\/strong><\/td>\n<td>200 Watt<\/td>\n<\/tr>\n<tr>\n<td><strong>Akkulaufzeit<\/strong><\/td>\n<td>60 Minuten<\/td>\n<\/tr>\n<tr>\n<td><strong>Dauer<\/strong><\/td>\n<td>1 Stunde<\/td>\n<\/tr>\n<tr>\n<td><strong>Marke<\/strong><\/td>\n<td>Rowenta<\/td>\n<\/tr>\n<tr>\n<td><strong>Eingeschlossene Komponenten<\/strong><\/td>\n<td>Akku-Nass-Trockensauger, Ladeger\u00e4t, Ladestation, Reinigungsb\u00fcrste, zus\u00e4tzlicher Roller und Filter<\/td>\n<\/tr>\n<tr>\n<td><strong>Modellname<\/strong><\/td>\n<td>X-Clean 10<\/td>\n<\/tr>\n<tr>\n<td><strong>Modellnummer<\/strong><\/td>\n<td>YY5785FE<\/td>\n<\/tr>\n<tr>\n<td><strong>Herkunftsland<\/strong><\/td>\n<td>China<\/td>\n<\/tr>\n<tr>\n<td><strong>Hersteller<\/strong><\/td>\n<td>Rowenta<\/td>\n<\/tr>\n<tr>\n<td><strong>Anzahl von Artikeln<\/strong><\/td>\n<td>1<\/td>\n<\/tr>\n<tr>\n<td><strong>Artikeltyp Name<\/strong><\/td>\n<td>Akku-Nass-Trockensauger<\/td>\n<\/tr>\n<tr>\n<td><strong>Anzahl von Einheiten<\/strong><\/td>\n<td>1.0 Anzahl<\/td>\n<\/tr>\n<tr>\n<td><strong>Amazon Bestseller-Rang<\/strong><\/td>\n<td><\/td>\n<\/tr>\n<tr>\n<td><strong>ASIN<\/strong><\/td>\n<td>B0FR44ZBJP<\/td>\n<\/tr>\n<tr>\n<td><strong>Durchschnittliche Kundenbewertung<\/strong><\/td>\n<td><\/td>\n<\/tr>\n<tr>\n<td><strong>Artikelgewicht<\/strong><\/td>\n<td>4,15 Kilogramm<\/td>\n<\/tr>\n<tr>\n<td><strong>Artikel Abmessungen L x B x H<\/strong><\/td>\n<td>23L x 27B x 116H cm<\/td>\n<\/tr>\n<tr>\n<td><strong>Formfaktor<\/strong><\/td>\n<td>Handheld<\/td>\n<\/tr>\n<tr>\n<td><strong>Anzahl der Griffe<\/strong><\/td>\n<td>1<\/td>\n<\/tr>\n<\/tbody>\n<\/table>\n<\/ul>","protected":false},"excerpt":{"rendered":"<p>Product Overview Marke: Rowenta Besonderes Merkmal: Filtertyp: Patrone, Schaum Oberfl\u00e4chenempfehlung: Alle Etagen Stromquelle: Batteriebetrieben Product Features Makellose Ergebnisse in k\u00fcrzester<\/p>","protected":false},"featured_media":31789,"comment_status":"open","ping_status":"closed","template":"","meta":[],"product_brand":[],"product_cat":[],"product_tag":[],"class_list":{"0":"post-31755","1":"product","2":"type-product","3":"status-publish","4":"has-post-thumbnail","7":"first","8":"instock","9":"sale","10":"shipping-taxable","11":"purchasable","12":"product-type-variable"},"jetpack_sharing_enabled":true,"_links":{"self":[{"href":"https:\/\/lunafry.store\/en\/wp-json\/wp\/v2\/product\/31755","targetHints":{"allow":["GET"]}}],"collection":[{"href":"https:\/\/lunafry.store\/en\/wp-json\/wp\/v2\/product"}],"about":[{"href":"https:\/\/lunafry.store\/en\/wp-json\/wp\/v2\/types\/product"}],"replies":[{"embeddable":true,"href":"https:\/\/lunafry.store\/en\/wp-json\/wp\/v2\/comments?post=31755"}],"version-history":[{"count":0,"href":"https:\/\/lunafry.store\/en\/wp-json\/wp\/v2\/product\/31755\/revisions"}],"wp:featuredmedia":[{"embeddable":true,"href":"https:\/\/lunafry.store\/en\/wp-json\/wp\/v2\/media\/31789"}],"wp:attachment":[{"href":"https:\/\/lunafry.store\/en\/wp-json\/wp\/v2\/media?parent=31755"}],"wp:term":[{"taxonomy":"product_brand","embeddable":true,"href":"https:\/\/lunafry.store\/en\/wp-json\/wp\/v2\/product_brand?post=31755"},{"taxonomy":"product_cat","embeddable":true,"href":"https:\/\/lunafry.store\/en\/wp-json\/wp\/v2\/product_cat?post=31755"},{"taxonomy":"product_tag","embeddable":true,"href":"https:\/\/lunafry.store\/en\/wp-json\/wp\/v2\/product_tag?post=31755"}],"curies":[{"name":"wp","href":"https:\/\/api.w.org\/{rel}","templated":true}]}}