{"id":31751,"date":"2026-03-29T11:47:03","date_gmt":"2026-03-29T11:47:03","guid":{"rendered":"https:\/\/lunafry.store\/product\/roborock-f25-gt-nass-trockensauger-180-lay-flat-saugwischer-90-c-hochtemperatur-selbstreinigung-20-000-pa-akku-staubsauger-mit-wischfunktion-wischsauger-kabellos-anti-tangle-fur-harteboden\/"},"modified":"2026-03-29T11:51:20","modified_gmt":"2026-03-29T11:51:20","slug":"roborock-f25-gt-nass-trockensauger-180-lay-flat-saugwischer-90-c-hochtemperatur-selbstreinigung-20-000-pa-akku-staubsauger-mit-wischfunktion-wischsauger-kabellos-anti-tangle-fur-harteboden","status":"publish","type":"product","link":"https:\/\/lunafry.store\/en\/product\/roborock-f25-gt-nass-trockensauger-180-lay-flat-saugwischer-90-c-hochtemperatur-selbstreinigung-20-000-pa-akku-staubsauger-mit-wischfunktion-wischsauger-kabellos-anti-tangle-fur-harteboden\/","title":{"rendered":"roborock F25 GT Nass-Trockensauger, 20.000 Pa, 180\u00b0 Lay-Flat, 90\u00b0C Selbstreinigung, Anti-Tangle, Wischfunktion, f\u00fcr Hartb\u00f6den"},"content":{"rendered":"<p><strong>Product Overview<\/strong><\/p>\n<ul>\n<li>\n<strong>Marke:<\/strong> roborock<\/li>\n<li>\n<strong>Besonderes Merkmal:<\/strong> Kabellos<\/li>\n<li>\n<strong>Filtertyp:<\/strong> HEPA Filter<\/li>\n<li>\n<strong>Oberfl\u00e4chenempfehlung:<\/strong> Hartboden, Teppich<\/li>\n<li>\n<strong>Stromquelle:<\/strong> Batteriebetrieben<\/li>\n<\/ul>\n<p><strong>Product Features<\/strong><\/p>\n<ul>\n<li>All-in-One Hartbodenreiniger: Ihre erste und letzte Wischsauger-Kombination! Kombiniert die Leistung eines Nass- und Trockensaugers mit dem praktischen 180\u00b0-Flachmodus, hei\u00dfer Selbstreinigungs- und Trocknungstechnologie und professionellem Schrubben &#8211; und das alles zu einem unschlagbaren Preis. Vergessen Sie sperrige Werkzeuge und r\u00fcsten Sie noch heute auf!<\/li>\n<li>Starke Wischleistung: Beseitigen Sie hartn\u00e4ckige Verschmutzungen mit einer Absaugleistung von 20.000 Pa und einer Moppdrehzahl von 450 U\/min. Dieser kabellose Nass- und Trockensauger entfernt Schmutz, spr\u00fcht gleichm\u00e4\u00dfig Wasser und macht Hartb\u00f6den makellos, ohne dass man sich hinknien muss. Beseitigen Sie Kr\u00fcmel, versch\u00fcttete Fl\u00fcssigkeiten und Schmutz in einem Arbeitsgang!<\/li>\n<li>90\u00b0C (194\u00b0F) Hochtemperatur-Selbstreinigung &#038; Hei\u00dflufttrocknen: Lassen Sie die Maschine sich um den Schmutz k\u00fcmmern! Die Selbstreinigung mit 90\u00b0C (194\u00b0F) Hochtemperatur schmilzt Fett und Ablagerungen, w\u00e4hrend die Trocknung mit 90\u00b0C (194\u00b0F) hei\u00dfer Luft Ger\u00fcche und Feuchtigkeit beseitigt &#8211; so bleibt Ihr All-in-One-Wischsauger sauber und einsatzbereit.<\/li>\n<li>Keine Schlieren &#038; kein Verstopfungen durch Haare: Genie\u00dfen Sie streifenfreien Glanz mit unserem Wischsauger! Mit dem Doppelschaber f\u00fcr ein makelloses Finish und einem gebogenen Kammwischer, der das Verheddern von Tierhaaren verhindert, ist er SGS- und T\u00dcV-zertifiziert und sorgt so jedes Mal f\u00fcr eine reibungslose Reinigung auf Hartb\u00f6den.<\/li>\n<li>180\u00b0 Lie-Flat-Design: Reinigen Sie m\u00fchelos unter M\u00f6beln und in engen Ecken dank des 180\u00b0-Lie-Flat-Designs und der Dreifach-Kantenreinigung. Diese Hartbodenreiniger gleitet in versteckte Bereiche und hinterl\u00e4sst weder Staub noch Streifen &#8211; kein Bereich bleibt unber\u00fchrt!<\/li>\n<\/ul>\n<p><strong>Product Information<\/strong><\/p>\n<ul>\n<table style=\"margin-bottom:20px\">\n<tbody>\n<tr>\n<td><strong>Besondere Merkmale<\/strong><\/td>\n<td>Kabellos<\/td>\n<\/tr>\n<tr>\n<td><strong>Filtertyp<\/strong><\/td>\n<td>HEPA Filter<\/td>\n<\/tr>\n<tr>\n<td><strong>Geeignete Gel\u00e4ndeart<\/strong><\/td>\n<td>Hartboden, Teppich<\/td>\n<\/tr>\n<tr>\n<td><strong>Kapazit\u00e4t<\/strong><\/td>\n<td>870 Milligramm<\/td>\n<\/tr>\n<tr>\n<td><strong>Empfohlene Verw.bereiche f\u00fcr Produkt<\/strong><\/td>\n<td>Hartb\u00f6den<\/td>\n<\/tr>\n<tr>\n<td><strong>Farbe<\/strong><\/td>\n<td>F25 Gt<\/td>\n<\/tr>\n<tr>\n<td><strong>Stil\/Form<\/strong><\/td>\n<td>F25 GT<\/td>\n<\/tr>\n<tr>\n<td><strong>Tragbar<\/strong><\/td>\n<td>Ja<\/td>\n<\/tr>\n<tr>\n<td><strong>Anzahl Leistungsstufen<\/strong><\/td>\n<td>1<\/td>\n<\/tr>\n<tr>\n<td><strong>Verwendung im Innen- und Au\u00dfenbereich<\/strong><\/td>\n<td>Innenbereich<\/td>\n<\/tr>\n<tr>\n<td><strong>Anzahl an R\u00e4dern<\/strong><\/td>\n<td>2<\/td>\n<\/tr>\n<tr>\n<td><strong>Betriebsart<\/strong><\/td>\n<td>Batteriebetrieben<\/td>\n<\/tr>\n<tr>\n<td><strong>Ist das Produkt kabellos<\/strong><\/td>\n<td>Ja<\/td>\n<\/tr>\n<tr>\n<td><strong>Artikelgewicht<\/strong><\/td>\n<td>8,8 Pfund<\/td>\n<\/tr>\n<tr>\n<td><strong>Artikel Abmessungen L x B x H<\/strong><\/td>\n<td>33L x 16B x 115,7H cm<\/td>\n<\/tr>\n<tr>\n<td><strong>Formfaktor<\/strong><\/td>\n<td>Stick<\/td>\n<\/tr>\n<tr>\n<td><strong>Marke<\/strong><\/td>\n<td>roborock<\/td>\n<\/tr>\n<tr>\n<td><strong>Eingeschlossene Komponenten<\/strong><\/td>\n<td>Fugend\u00fcse, Ladestation<\/td>\n<\/tr>\n<tr>\n<td><strong>Modellname<\/strong><\/td>\n<td>F25 GT<\/td>\n<\/tr>\n<tr>\n<td><strong>Modellnummer<\/strong><\/td>\n<td>F25 GT<\/td>\n<\/tr>\n<tr>\n<td><strong>Herkunftsland<\/strong><\/td>\n<td>China<\/td>\n<\/tr>\n<tr>\n<td><strong>Hersteller<\/strong><\/td>\n<td>roborock<\/td>\n<\/tr>\n<tr>\n<td><strong>Anzahl von Artikeln<\/strong><\/td>\n<td>1<\/td>\n<\/tr>\n<tr>\n<td><strong>Global Trade Identification Number<\/strong><\/td>\n<td>00810125543418<\/td>\n<\/tr>\n<tr>\n<td><strong>Artikeltyp Name<\/strong><\/td>\n<td>Nass Trockensauger<\/td>\n<\/tr>\n<tr>\n<td><strong>Amazon Bestseller-Rang<\/strong><\/td>\n<td><\/td>\n<\/tr>\n<tr>\n<td><strong>ASIN<\/strong><\/td>\n<td>B0DPHT4KB1<\/td>\n<\/tr>\n<tr>\n<td><strong>Durchschnittliche Kundenbewertung<\/strong><\/td>\n<td><\/td>\n<\/tr>\n<tr>\n<td><strong>Spannung<\/strong><\/td>\n<td>120 Volt<\/td>\n<\/tr>\n<tr>\n<td><strong>Batterieladezeit<\/strong><\/td>\n<td>4 Stunden<\/td>\n<\/tr>\n<tr>\n<td><strong>Batterietyp<\/strong><\/td>\n<td>Lithium<\/td>\n<\/tr>\n<tr>\n<td><strong>Akkulaufzeit<\/strong><\/td>\n<td>35 Minuten<\/td>\n<\/tr>\n<tr>\n<td><strong>Dauer<\/strong><\/td>\n<td>35 Minuten<\/td>\n<\/tr>\n<\/tbody>\n<\/table>\n<\/ul>","protected":false},"excerpt":{"rendered":"<p>Product Overview Marke: roborock Besonderes Merkmal: Kabellos Filtertyp: HEPA Filter Oberfl\u00e4chenempfehlung: Hartboden, Teppich Stromquelle: Batteriebetrieben Product Features All-in-One Hartbodenreiniger: Ihre<\/p>","protected":false},"featured_media":31793,"comment_status":"open","ping_status":"closed","template":"","meta":[],"product_brand":[],"product_cat":[],"product_tag":[],"class_list":{"0":"post-31751","1":"product","2":"type-product","3":"status-publish","4":"has-post-thumbnail","7":"first","8":"instock","9":"sale","10":"shipping-taxable","11":"purchasable","12":"product-type-variable"},"jetpack_sharing_enabled":true,"_links":{"self":[{"href":"https:\/\/lunafry.store\/en\/wp-json\/wp\/v2\/product\/31751","targetHints":{"allow":["GET"]}}],"collection":[{"href":"https:\/\/lunafry.store\/en\/wp-json\/wp\/v2\/product"}],"about":[{"href":"https:\/\/lunafry.store\/en\/wp-json\/wp\/v2\/types\/product"}],"replies":[{"embeddable":true,"href":"https:\/\/lunafry.store\/en\/wp-json\/wp\/v2\/comments?post=31751"}],"version-history":[{"count":0,"href":"https:\/\/lunafry.store\/en\/wp-json\/wp\/v2\/product\/31751\/revisions"}],"wp:featuredmedia":[{"embeddable":true,"href":"https:\/\/lunafry.store\/en\/wp-json\/wp\/v2\/media\/31793"}],"wp:attachment":[{"href":"https:\/\/lunafry.store\/en\/wp-json\/wp\/v2\/media?parent=31751"}],"wp:term":[{"taxonomy":"product_brand","embeddable":true,"href":"https:\/\/lunafry.store\/en\/wp-json\/wp\/v2\/product_brand?post=31751"},{"taxonomy":"product_cat","embeddable":true,"href":"https:\/\/lunafry.store\/en\/wp-json\/wp\/v2\/product_cat?post=31751"},{"taxonomy":"product_tag","embeddable":true,"href":"https:\/\/lunafry.store\/en\/wp-json\/wp\/v2\/product_tag?post=31751"}],"curies":[{"name":"wp","href":"https:\/\/api.w.org\/{rel}","templated":true}]}}