{"id":31742,"date":"2026-03-29T11:47:02","date_gmt":"2026-03-29T11:47:02","guid":{"rendered":"https:\/\/lunafry.store\/product\/proscenic-p20-akku-staubsauger-mit-wischfunktion-70kpa-70-mins-680w-staubsauger-kabellos-mit-selbststehend-wandladestation-anti-tangle-6-schichten-filter-1-5l-fur-teppiche-haustierhaare-aurum-black\/"},"modified":"2026-03-29T11:51:23","modified_gmt":"2026-03-29T11:51:23","slug":"proscenic-p20-akku-staubsauger-mit-wischfunktion-70kpa-70-mins-680w-staubsauger-kabellos-mit-selbststehend-wandladestation-anti-tangle-6-schichten-filter-1-5l-fur-teppiche-haustierhaare-aurum-black","status":"publish","type":"product","link":"https:\/\/lunafry.store\/en\/product\/proscenic-p20-akku-staubsauger-mit-wischfunktion-70kpa-70-mins-680w-staubsauger-kabellos-mit-selbststehend-wandladestation-anti-tangle-6-schichten-filter-1-5l-fur-teppiche-haustierhaare-aurum-black\/","title":{"rendered":"Proscenic P20 Akku Staubsauger, 70 kPa, 680W, 70 Min, Wischfunktion, Anti-Tangle, 1,5L, Wandladestation, Aurum Black"},"content":{"rendered":"<p><strong>Product Overview<\/strong><\/p>\n<ul>\n<li>\n<strong>Marke:<\/strong> Proscenic<\/li>\n<li>\n<strong>Besonderes Merkmal:<\/strong> <\/li>\n<li>\n<strong>Filtertyp:<\/strong> HEPA Filter<\/li>\n<li>\n<strong>Oberfl\u00e4chenempfehlung:<\/strong> Teppich, Hartboden, Holzboden, Polsterung<\/li>\n<li>\n<strong>Stromquelle:<\/strong> Batteriebetrieben<\/li>\n<\/ul>\n<p><strong>Product Features<\/strong><\/p>\n<ul>\n<li>\u3010680W\/70 kPa\/70 Min Laufzeit\u3011Der staubsauger kabellos \u00fcberzeugt mit einem leistungsstarken 680-W-b\u00fcrstenlosen Motor (< 59 dB) und einer Saugkraft von 70 kPa. Er entfernt zuverl\u00e4ssig Tierhaare aus Teppichen, Kr\u00fcmel sowie Feinpartikel und reinigt selbst Ecken, Spalten und schwer zug\u00e4ngliche Bereiche gr\u00fcndlich. Der herausnehmbare 8-Zellen-Lithium-Ionen-Akku erm\u00f6glicht bis zu 70 Minuten ununterbrochene Laufzeit \u2013 ideal f\u00fcr Fl\u00e4chen bis 230 m\u00b2.\uff08Bei Verwendung der Bodenb\u00fcrste betr\u00e4gt die Akkulaufzeit 60 Minuten.\uff09<\/li>\n<li>\u30102-in-1-Staubsauger &#038; Wischfunktion\u3011Der staubsauger akku ist optional mit einem 230 ml abnehmbaren Wassertank erh\u00e4ltlich und erm\u00f6glicht so simultanes Saugen und Wischen in einem Arbeitsgang. Durch Vorsaugen wird trockener Schmutz gr\u00fcndlich entfernt, das anschlie\u00dfende Nachwischen beseitigt Flecken sofort \u2013 ohne umst\u00e4ndlichen Funktionswechsel. Ideal f\u00fcr Familien mit Kindern: Saugen Sie Staub auf und wischen Sie versch\u00fcttete Getr\u00e4nke oder Kr\u00fcmel gleichzeitig weg.<\/li>\n<li>\u3010Ausklappbarer Schaft\u3011Der P20 Akku Staubsauger \u00fcberzeugt mit einem ausklappbaren, 65 cm langen Saugarm \u2013 10 cm l\u00e4nger als bei herk\u00f6mmlichen Modellen (55 cm). So erreicht er m\u00fchelos enge und niedrigere Bereiche unter Betten, Sofas sowie schwer zug\u00e4ngliche Ecken, ganz ohne B\u00fccken. Die ideale L\u00f6sung f\u00fcr Schwangere und Personen mit R\u00fcckenproblemen.<\/li>\n<li>\u30103 Leistungsstufen &#038; Automatische Stauberkennung\u3011Der leistungsstarke Stielstaubsauger bietet einen Automatikmodus plus drei manuelle Stufen (Niedrig\/Mittel\/Hoch). Im Automatikmodus passt das intelligente System die Saugkraft sekundenschnell an die erkannte Staubmenge an und beseitigt effiziert Schmutz, Kr\u00fcmel sowie Tierhaare. Mit dem 3-in-1-Zubeh\u00f6r (Rundb\u00fcrste, Fugend\u00fcse und optionaler motorisierter Minib\u00fcrste) reinigen Sie pr\u00e4zise Autositze, Matratzen und Kissen \u2013 die komplette All-in-One-L\u00f6sung f\u00fcr Haushalt und Auto.<\/li>\n<li>\u3010Doppelte Gr\u00fcnlicht-Erkennung\u3011Die Bodend\u00fcse des P20 Staubsaugers projiziert ein 350 mm\u00b2 gro\u00dfes Gr\u00fcnlicht mit 120\u00b0-Beleuchtungswinkel \u2013 dreimal gr\u00f6\u00dfer als die Fl\u00e4che einer Standardbodend\u00fcse. Das Licht der speziell abgestimmten Wellenl\u00e4nge macht unsichtbaren Staub, Tierhaare und Feinstpartikel auf dunklen B\u00f6den konturscharf sichtbar. In Kombination mit dem 6-stufigen HEPA-Filtersystem (99,9 % R\u00fcckhalteverm\u00f6gen) hat Staub keine Chance.<\/li>\n<li>\u3010LED-Anzeige mit HEPA-Status\u00fcberwachung\u3011Die LED-Anzeige verf\u00fcgt \u00fcber zwei wichtige Sicherheitsfunktionen: Die HEPA-Installationserkennung verhindert den Betrieb, wenn der Filter fehlt, und die Erinnerungsfunktion f\u00fcr die HEPA-Reinigung benachrichtigt Sie, wenn eine regelm\u00e4\u00dfige Reinigung erforderlich ist. Die intelligente HEPA-Filter\u00fcberwachung beugt Saugkraftverlusten vor, indem sie sicherstellt, dass der Filter stets korrekt installiert und in optimalem Zustand ist.<\/li>\n<li>\u3010Standfest &#038; Wandladefunktion\u3011Dieser kabellose staubsauger steht senkrecht ohne St\u00e4nder (kein Bohren erforderlich, schont Ihre W\u00e4nde). Unterbrechen Sie die Reinigung jederzeit und stellen Sie ihn platzsparend in eine Ecke. Der Stielstaubsauger ist mit einer wiederaufladbaren Wandhalterung ausgestattet. Nach Gebrauch einfach die Wandhalterung anschlie\u00dfen, um den Ladevorgang zu starten, und die Zubeh\u00f6rteile ordentlich in den integrierten F\u00e4chern verstauen.<\/li>\n<\/ul>\n<p><strong>Product Information<\/strong><\/p>\n<ul>\n<table style=\"margin-bottom:20px\">\n<tbody>\n<tr>\n<td><strong>Besondere Merkmale<\/strong><\/td>\n<td>\u27a42 Jahre Garantie &#038; 7 x 24 Stunden Kundenunterst\u00fctzung. \u27a4Staubsaugen und Wischen in einem. \u27a470.000 Pa starke Saugkraft. \u27a470 Minuten Akkulaufzeit. \u27a4Klappbarer Griff f\u00fcr m\u00fcheloses Arbeiten. \u27a4Selbststehend, die Reinigung kann jederzeit unterbrochen werden. \u27a4Weitwinkel-Gr\u00fcnlicht zur Stauberkennung. \u27a4V-f\u00f6rmige Bodenb\u00fcrste mit Anti-Verwicklungs-Funktion. \u27a46-Kegel-Hochleistungsfiltersystem. \u27a4Farbiges, intelligentes, dynamisches Display. \u27a4HEPA-Erkennungsfunktion. \u27a41,5 l gro\u00dfer Staubbeh\u00e4lter.<\/td>\n<\/tr>\n<tr>\n<td><strong>Filtertyp<\/strong><\/td>\n<td>HEPA Filter<\/td>\n<\/tr>\n<tr>\n<td><strong>Geeignete Gel\u00e4ndeart<\/strong><\/td>\n<td>Teppich, Hartboden, Holzboden, Polsterung<\/td>\n<\/tr>\n<tr>\n<td><strong>Kapazit\u00e4t<\/strong><\/td>\n<td>1,5 Liter<\/td>\n<\/tr>\n<tr>\n<td><strong>Max. Saugleistung<\/strong><\/td>\n<td>724 Millimeter<\/td>\n<\/tr>\n<tr>\n<td><strong>Empfohlene Verw.bereiche f\u00fcr Produkt<\/strong><\/td>\n<td>Anwendbare Personen: Besch\u00e4ftigte B\u00fcroangestellte: schnelle Reinigung und Zeitersparnis; Familien mit Tieren: effektive Reinigung von Haaren und Schuppen, Familien mit Kindern: Lebensmittelkr\u00fcmel und Spielzeugr\u00fcckst\u00e4nde; Allergiker: HEPA-Filtration zur Reduzierung von Staub und Milben; Autofahrer: st\u00e4ndige Reinigung des Autos., Autoreinigung. Kabelloses Design, leicht zu transportieren, ideal f\u00fcr die Reinigung von Sitzen, Fu\u00dfmatten, Kofferr\u00e4umen, etc., Bett, Haustierfreundlich Reinigung von Tierhaaren: Der elektrische B\u00fcrstenkopf absorbiert effektiv Haare von Teppichen und Sofas.<\/td>\n<\/tr>\n<tr>\n<td><strong>Farbe<\/strong><\/td>\n<td>Aurum Schwarz<\/td>\n<\/tr>\n<tr>\n<td><strong>Ger\u00e4uschpegel<\/strong><\/td>\n<td>59 Dezibel<\/td>\n<\/tr>\n<tr>\n<td><strong>Stil\/Form<\/strong><\/td>\n<td>P11mopping<\/td>\n<\/tr>\n<tr>\n<td><strong>Anzahl G\u00e4nge<\/strong><\/td>\n<td>3<\/td>\n<\/tr>\n<tr>\n<td><strong>Tragbar<\/strong><\/td>\n<td>Ja<\/td>\n<\/tr>\n<tr>\n<td><strong>Anzahl Leistungsstufen<\/strong><\/td>\n<td>3<\/td>\n<\/tr>\n<tr>\n<td><strong>Verwendung im Innen- und Au\u00dfenbereich<\/strong><\/td>\n<td>Innenbereich<\/td>\n<\/tr>\n<tr>\n<td><strong>Spannung<\/strong><\/td>\n<td>29,6 Volt<\/td>\n<\/tr>\n<tr>\n<td><strong>Wattleistung<\/strong><\/td>\n<td>680 Watt<\/td>\n<\/tr>\n<tr>\n<td><strong>Akkulaufzeit<\/strong><\/td>\n<td>70 Minuten<\/td>\n<\/tr>\n<tr>\n<td><strong>Dauer<\/strong><\/td>\n<td>1 Stunde und 10 Minuten<\/td>\n<\/tr>\n<tr>\n<td><strong>Controllertyp<\/strong><\/td>\n<td>Drucktaste<\/td>\n<\/tr>\n<tr>\n<td><strong>Marke<\/strong><\/td>\n<td>Proscenic<\/td>\n<\/tr>\n<tr>\n<td><strong>Eingeschlossene Komponenten<\/strong><\/td>\n<td>Proscenic P20 Hauptk\u00f6rper*1, Anti-Haar-Bodenb\u00fcrste mit Gr\u00fcnlicht*1, Wandhalterungs-Set*1, Kombi-D\u00fcse*1, Spaltd\u00fcse*1, Wassertank und Wischmopp*1, Akku*1, Ladeger\u00e4t*1, Benutzerhandbuch*1<\/td>\n<\/tr>\n<tr>\n<td><strong>Modellname<\/strong><\/td>\n<td>Akku Staubsauger Kabellos<\/td>\n<\/tr>\n<tr>\n<td><strong>Modellnummer<\/strong><\/td>\n<td>P20<\/td>\n<\/tr>\n<tr>\n<td><strong>Herkunftsland<\/strong><\/td>\n<td>China<\/td>\n<\/tr>\n<tr>\n<td><strong>Hersteller<\/strong><\/td>\n<td>Proscenic<\/td>\n<\/tr>\n<tr>\n<td><strong>Anzahl von Artikeln<\/strong><\/td>\n<td>1<\/td>\n<\/tr>\n<tr>\n<td><strong>Artikeltyp Name<\/strong><\/td>\n<td>Akku Staubsauger<\/td>\n<\/tr>\n<tr>\n<td><strong>Amazon Bestseller-Rang<\/strong><\/td>\n<td><\/td>\n<\/tr>\n<tr>\n<td><strong>ASIN<\/strong><\/td>\n<td>B0FSL7ZVZJ<\/td>\n<\/tr>\n<tr>\n<td><strong>Durchschnittliche Kundenbewertung<\/strong><\/td>\n<td><\/td>\n<\/tr>\n<tr>\n<td><strong>Betriebsart<\/strong><\/td>\n<td>Batteriebetrieben<\/td>\n<\/tr>\n<tr>\n<td><strong>Ist das Produkt kabellos<\/strong><\/td>\n<td>Ja<\/td>\n<\/tr>\n<tr>\n<td><strong>Artikelgewicht<\/strong><\/td>\n<td>3,6 Kilogramm<\/td>\n<\/tr>\n<tr>\n<td><strong>Artikel Abmessungen L x B x H<\/strong><\/td>\n<td>25,7L x 24,5B x 116,5H cm<\/td>\n<\/tr>\n<tr>\n<td><strong>Schlauchl\u00e4nge<\/strong><\/td>\n<td>65 Zentimeter<\/td>\n<\/tr>\n<tr>\n<td><strong>Formfaktor<\/strong><\/td>\n<td>Stick<\/td>\n<\/tr>\n<\/tbody>\n<\/table>\n<\/ul>","protected":false},"excerpt":{"rendered":"<p>Product Overview Marke: Proscenic Besonderes Merkmal: Filtertyp: HEPA Filter Oberfl\u00e4chenempfehlung: Teppich, Hartboden, Holzboden, Polsterung Stromquelle: Batteriebetrieben Product Features \u3010680W\/70 kPa\/70<\/p>","protected":false},"featured_media":31802,"comment_status":"open","ping_status":"closed","template":"","meta":[],"product_brand":[],"product_cat":[],"product_tag":[],"class_list":{"0":"post-31742","1":"product","2":"type-product","3":"status-publish","4":"has-post-thumbnail","7":"first","8":"instock","9":"sale","10":"shipping-taxable","11":"purchasable","12":"product-type-variable"},"jetpack_sharing_enabled":true,"_links":{"self":[{"href":"https:\/\/lunafry.store\/en\/wp-json\/wp\/v2\/product\/31742","targetHints":{"allow":["GET"]}}],"collection":[{"href":"https:\/\/lunafry.store\/en\/wp-json\/wp\/v2\/product"}],"about":[{"href":"https:\/\/lunafry.store\/en\/wp-json\/wp\/v2\/types\/product"}],"replies":[{"embeddable":true,"href":"https:\/\/lunafry.store\/en\/wp-json\/wp\/v2\/comments?post=31742"}],"version-history":[{"count":0,"href":"https:\/\/lunafry.store\/en\/wp-json\/wp\/v2\/product\/31742\/revisions"}],"wp:featuredmedia":[{"embeddable":true,"href":"https:\/\/lunafry.store\/en\/wp-json\/wp\/v2\/media\/31802"}],"wp:attachment":[{"href":"https:\/\/lunafry.store\/en\/wp-json\/wp\/v2\/media?parent=31742"}],"wp:term":[{"taxonomy":"product_brand","embeddable":true,"href":"https:\/\/lunafry.store\/en\/wp-json\/wp\/v2\/product_brand?post=31742"},{"taxonomy":"product_cat","embeddable":true,"href":"https:\/\/lunafry.store\/en\/wp-json\/wp\/v2\/product_cat?post=31742"},{"taxonomy":"product_tag","embeddable":true,"href":"https:\/\/lunafry.store\/en\/wp-json\/wp\/v2\/product_tag?post=31742"}],"curies":[{"name":"wp","href":"https:\/\/api.w.org\/{rel}","templated":true}]}}