{"id":31738,"date":"2026-03-29T11:47:01","date_gmt":"2026-03-29T11:47:01","guid":{"rendered":"https:\/\/lunafry.store\/product\/eleckeys-akku-staubsauger-50000pa-580w-70min-staubsauger-kabellos-mit-led-display-1-8l-akkustaubsauger-mit-anti-tangle-burste-selbststehend-fur-tierhaare-teppiche-hartboden-auto-blau-k10\/"},"modified":"2026-03-29T11:51:25","modified_gmt":"2026-03-29T11:51:25","slug":"eleckeys-akku-staubsauger-50000pa-580w-70min-staubsauger-kabellos-mit-led-display-1-8l-akkustaubsauger-mit-anti-tangle-burste-selbststehend-fur-tierhaare-teppiche-hartboden-auto-blau-k10","status":"publish","type":"product","link":"https:\/\/lunafry.store\/en\/product\/eleckeys-akku-staubsauger-50000pa-580w-70min-staubsauger-kabellos-mit-led-display-1-8l-akkustaubsauger-mit-anti-tangle-burste-selbststehend-fur-tierhaare-teppiche-hartboden-auto-blau-k10\/","title":{"rendered":"ElecKeys K10 Akku Staubsauger 50.000Pa, 580W, 70 Min, 1,8L, LED Display, Anti-Tangle-B\u00fcrste, f\u00fcr Tierhaare, Teppiche &#038; Auto, Blau"},"content":{"rendered":"<p><strong>Product Overview<\/strong><\/p>\n<ul>\n<li>\n<strong>Marke:<\/strong> ElecKeys<\/li>\n<li>\n<strong>Besonderes Merkmal:<\/strong> <\/li>\n<li>\n<strong>Filtertyp:<\/strong> HEPA Filter<\/li>\n<li>\n<strong>Oberfl\u00e4chenempfehlung:<\/strong> Teppich, Hartholzboden, Fliesenboden, Marmorboden, Treppe, Auto, Bett, Sofa<\/li>\n<li>\n<strong>Stromquelle:<\/strong> Batteriebetrieben<\/li>\n<\/ul>\n<p><strong>Product Features<\/strong><\/p>\n<ul>\n<li>&#x1f680;\u3010Starke Saugkraft &#8211; Gr\u00fcndlich sauber in nur einem Durchgang!\u3011Dieser Akku Staubsauger mit 600W b\u00fcrstenlosem Motor liefert 50.000Pa Saugkraft bei 170.000 U\/min. Sie m\u00fcssen sich keine Sorgen machen, dass Sie den im Teppich versteckten Staub und die Haare mehrfach saugen m\u00fcssen \u2013 unser Sauger entfernt alles mit nur einem Durchgang! Mit weniger als 65\u202fdB macht der ElecKeys Staubsauger Kabellos das Saubermachen angenehm.<\/li>\n<li>&#x1f50b;\u3010Bis zu 70 Min. Laufzeit \u2013 Perfekt f\u00fcr \u00fcber 200 m\u00b2 Reinigung!\u3011Dieser Kabellose Staubsauger ist mit 8 *2200 mAh Lithium-Akkus ausgestattet. Nach nur 4 Stunden Ladezeit l\u00e4uft er bis zu 70 Minuten im Hartboden-Modus oder 30 Minuten im Carpet-Modus \u2013 genug Power, um Ihre ganze Wohnung m\u00fchelos zu reinigen! Der Sauger kann auch ohne Wandhalterung selbstst\u00e4ndig stehen \u2013 besonders praktisch beim kurzen Abstellen w\u00e4hrend der Reinigung.<\/li>\n<li>&#x1f300;\u3010Gro\u00dfe V-f\u00f6rmige B\u00fcrste \u2013 Reinigungsleistung um 80 % gesteigert!\u3011Basierend auf \u00fcber 1.000 Kundenbewertungen haben wir den Durchmesser und die L\u00e4nge der B\u00fcrste unseres Akkustaubsaugers vergr\u00f6\u00dfert. Probleme wie \u201eHaare verfangen sich\u201c oder \u201ezu kleine Reinigungsfl\u00e4che\u201c geh\u00f6ren der Vergangenheit an. Mit diesem Staubsauger Kabellos reinigen Sie m\u00fchelos B\u00f6den, Teppiche und Tierhaare \u2013 und gewinnen Zeit f\u00fcr die wirklich wichtigen Dinge im Leben.<\/li>\n<li>&#x1f947;\u30101,8L Staubbeh\u00e4lter &#038; 2 Filtereins\u00e4tze \u2013 Weniger Entleerungen, Einfacher Reinigungsprozess!\u3011Akku Staubsauger Staubbeh\u00e4lter l\u00e4sst sich per Knopfdruck hygienisch und kontaktlos entleeren. Dank gro\u00dfem Volumen muss er seltener geleert werden. Das 7-stufige Zyklon- und HEPA-Filtersystem entfernt 99,99 % von Staub, Pollen und Allergenen \u2013 ideal f\u00fcr Familien mit Kindern, Haustieren oder Allergikern. Ein Ersatzfilter ist im Zubeh\u00f6r enthalten, Reinigung und Wechsel sind m\u00fchelos.<\/li>\n<li>&#x1f9f0;\u3010Mit verschiedenen D\u00fcsen f\u00fcr jede Ecke!\u3011Akkustaubsaugers Zubeh\u00f6r mitgeliefert: Verl\u00e4ngerungsstange, 2-in-1-B\u00fcrste, Tierhaarb\u00fcrste und Fugend\u00fcse reinigen Sie Schreibtische, Vorh\u00e4nge, Autoinnenr\u00e4ume, M\u00f6bel, Sofaritzen oder Bettr\u00e4nder gr\u00fcndlich. Die Bodend\u00fcse mit LED-Licht verbaut macht Schmutz in dunklen Ecken und unter M\u00f6beln sichtbar \u2013 f\u00fcr perfekte Sauberkeit ohne R\u00fcckst\u00e4nde.<\/li>\n<li>&#x1f4f2;\u3010Einfachheit statt Komplexit\u00e4t \u2013 per Knopfdruck drei Modi umschalten! \u3011Dieser kabellose Staubsauger verf\u00fcgt \u00fcber physische Tasten zur einfachen Steuerung von Ein\/Aus und drei Saugstufen \u2013 ideal f\u00fcr Kr\u00fcmel in der K\u00fcche, Haare im Bad oder feinen Katzenstreu. Das LED-Display zeigt Akku und Modus klar an, sodass auch Kinder und Senioren ihn leicht bedienen k\u00f6nnen.<\/li>\n<li>&#x26a1;\u3010Automatischer Saug-Boost mit Selbstreinigung beim Ausschalten\u3011Diese einzigartige Technologie des Staubsaugers sorgt beim Ausschalten im Hartbodenmodus aktiviert sich ein 3-Sekunden-Boost, der Haare und Schmutz aus B\u00fcrste und Luftkanal entfernt. So werden Verstopfungen und Staubverwehungen vermieden. Jeder Stopp beendet automatisch einen Selbstreinigungszyklus \u2013 ganz ohne manuelles Reinigen.<\/li>\n<li>&#x1f91d;\u30102 Jahre Qualit\u00e4tsgarantie &#038; Premium-Kundendienst\u3011ElecKeys steht f\u00fcr das Prinzip \u201eKunde zuerst\u201c und bietet Ihnen verl\u00e4ssliche Produkte und Dienstleistungen. Jeder Akku Staubsauger wird mit einer zweij\u00e4hrigen Qualit\u00e4tsgarantie geliefert, die funktionale Defekte und Ersatzteile abdeckt \u2013 f\u00fcr echten sorgenfreien Service.<\/li>\n<\/ul>\n<p><strong>Product Information<\/strong><\/p>\n<ul>\n<table style=\"margin-bottom:20px\">\n<tbody>\n<tr>\n<td><strong>Besondere Merkmale<\/strong><\/td>\n<td>\u26052 Jahre Garantie\u260524h Kundenservice\u260550KPa Turbosaugkraft\u2605600W b\u00fcrstenloser Motor\u260570 Min. Laufzeit\u26051,8L Staubbeh\u00e4lter\u2605V-f\u00f6rmige Anti-Tangle-B\u00fcrste\u2605LED-Display\u2605Seniorenfreundlich\u26058\u00d72200mAh Akku\u2605Multifunktionales Zubeh\u00f6r\u2605Selbststehend\u2605Teleskopstange verstellbar\u2605<45dB leise\u2605Ein-Knopf-Staubentleerung\u2605HEPA-Filter\u2605Ergonomischer Griff\u26054 Std. Ladezeit\u2605Einzigartiges Design<\/td>\n<\/tr>\n<tr>\n<td><strong>Filtertyp<\/strong><\/td>\n<td>HEPA Filter<\/td>\n<\/tr>\n<tr>\n<td><strong>Geeignete Gel\u00e4ndeart<\/strong><\/td>\n<td>Teppich, Hartholzboden, Fliesenboden, Marmorboden, Treppe, Auto, Bett, Sofa<\/td>\n<\/tr>\n<tr>\n<td><strong>Kapazit\u00e4t<\/strong><\/td>\n<td>1,8 Liter<\/td>\n<\/tr>\n<tr>\n<td><strong>Max. Saugleistung<\/strong><\/td>\n<td>48 Dezimeter<\/td>\n<\/tr>\n<tr>\n<td><strong>Empfohlene Verw.bereiche f\u00fcr Produkt<\/strong><\/td>\n<td>Teppiche, Hartb\u00f6den, Tierhaare<\/td>\n<\/tr>\n<tr>\n<td><strong>Farbe<\/strong><\/td>\n<td>Blau<\/td>\n<\/tr>\n<tr>\n<td><strong>Ger\u00e4uschpegel<\/strong><\/td>\n<td>50 Dezibel<\/td>\n<\/tr>\n<tr>\n<td><strong>Motorleistung<\/strong><\/td>\n<td>0.777 horsepower<\/td>\n<\/tr>\n<tr>\n<td><strong>Stil\/Form<\/strong><\/td>\n<td>Modern<\/td>\n<\/tr>\n<tr>\n<td><strong>Anzahl G\u00e4nge<\/strong><\/td>\n<td>3<\/td>\n<\/tr>\n<tr>\n<td><strong>Tragbar<\/strong><\/td>\n<td>Ja<\/td>\n<\/tr>\n<tr>\n<td><strong>Anzahl Leistungsstufen<\/strong><\/td>\n<td>3<\/td>\n<\/tr>\n<tr>\n<td><strong>Verwendung im Innen- und Au\u00dfenbereich<\/strong><\/td>\n<td>Innenbereich<\/td>\n<\/tr>\n<tr>\n<td><strong>Artikelgewicht<\/strong><\/td>\n<td>3 Kilogramm<\/td>\n<\/tr>\n<tr>\n<td><strong>Schlauchl\u00e4nge<\/strong><\/td>\n<td>27,5 Zoll<\/td>\n<\/tr>\n<tr>\n<td><strong>Controllertyp<\/strong><\/td>\n<td>Drucktaste<\/td>\n<\/tr>\n<tr>\n<td><strong>Formfaktor<\/strong><\/td>\n<td>Handheld<\/td>\n<\/tr>\n<tr>\n<td><strong>Anzahl der Griffe<\/strong><\/td>\n<td>1<\/td>\n<\/tr>\n<tr>\n<td><strong>Marke<\/strong><\/td>\n<td>ElecKeys<\/td>\n<\/tr>\n<tr>\n<td><strong>Modellnummer<\/strong><\/td>\n<td>K10<\/td>\n<\/tr>\n<tr>\n<td><strong>Anzahl von Artikeln<\/strong><\/td>\n<td>1<\/td>\n<\/tr>\n<tr>\n<td><strong>Anzahl von Einheiten<\/strong><\/td>\n<td>1.0 st\u00fcck<\/td>\n<\/tr>\n<tr>\n<td><strong>Amazon Bestseller-Rang<\/strong><\/td>\n<td><\/td>\n<\/tr>\n<tr>\n<td><strong>ASIN<\/strong><\/td>\n<td>B0FB36DTHD<\/td>\n<\/tr>\n<tr>\n<td><strong>Durchschnittliche Kundenbewertung<\/strong><\/td>\n<td><\/td>\n<\/tr>\n<tr>\n<td><strong>Betriebsart<\/strong><\/td>\n<td>Batteriebetrieben<\/td>\n<\/tr>\n<tr>\n<td><strong>Ist das Produkt kabellos<\/strong><\/td>\n<td>Ja<\/td>\n<\/tr>\n<tr>\n<td><strong>Spannung<\/strong><\/td>\n<td>36 Volt<\/td>\n<\/tr>\n<tr>\n<td><strong>Wattleistung<\/strong><\/td>\n<td>600 Watt<\/td>\n<\/tr>\n<tr>\n<td><strong>Batterieladezeit<\/strong><\/td>\n<td>5 Stunden<\/td>\n<\/tr>\n<tr>\n<td><strong>Batterietyp<\/strong><\/td>\n<td>Lithium-Ionen<\/td>\n<\/tr>\n<tr>\n<td><strong>Akkulaufzeit<\/strong><\/td>\n<td>65 Minuten<\/td>\n<\/tr>\n<tr>\n<td><strong>Dauer<\/strong><\/td>\n<td>1 Stunde und 5 Minuten<\/td>\n<\/tr>\n<\/tbody>\n<\/table>\n<\/ul>","protected":false},"excerpt":{"rendered":"<p>Product Overview Marke: ElecKeys Besonderes Merkmal: Filtertyp: HEPA Filter Oberfl\u00e4chenempfehlung: Teppich, Hartholzboden, Fliesenboden, Marmorboden, Treppe, Auto, Bett, Sofa Stromquelle: Batteriebetrieben<\/p>","protected":false},"featured_media":31806,"comment_status":"open","ping_status":"closed","template":"","meta":[],"product_brand":[],"product_cat":[],"product_tag":[],"class_list":{"0":"post-31738","1":"product","2":"type-product","3":"status-publish","4":"has-post-thumbnail","7":"first","8":"instock","9":"sale","10":"shipping-taxable","11":"purchasable","12":"product-type-variable"},"jetpack_sharing_enabled":true,"_links":{"self":[{"href":"https:\/\/lunafry.store\/en\/wp-json\/wp\/v2\/product\/31738","targetHints":{"allow":["GET"]}}],"collection":[{"href":"https:\/\/lunafry.store\/en\/wp-json\/wp\/v2\/product"}],"about":[{"href":"https:\/\/lunafry.store\/en\/wp-json\/wp\/v2\/types\/product"}],"replies":[{"embeddable":true,"href":"https:\/\/lunafry.store\/en\/wp-json\/wp\/v2\/comments?post=31738"}],"version-history":[{"count":0,"href":"https:\/\/lunafry.store\/en\/wp-json\/wp\/v2\/product\/31738\/revisions"}],"wp:featuredmedia":[{"embeddable":true,"href":"https:\/\/lunafry.store\/en\/wp-json\/wp\/v2\/media\/31806"}],"wp:attachment":[{"href":"https:\/\/lunafry.store\/en\/wp-json\/wp\/v2\/media?parent=31738"}],"wp:term":[{"taxonomy":"product_brand","embeddable":true,"href":"https:\/\/lunafry.store\/en\/wp-json\/wp\/v2\/product_brand?post=31738"},{"taxonomy":"product_cat","embeddable":true,"href":"https:\/\/lunafry.store\/en\/wp-json\/wp\/v2\/product_cat?post=31738"},{"taxonomy":"product_tag","embeddable":true,"href":"https:\/\/lunafry.store\/en\/wp-json\/wp\/v2\/product_tag?post=31738"}],"curies":[{"name":"wp","href":"https:\/\/api.w.org\/{rel}","templated":true}]}}