{"id":31735,"date":"2026-03-29T11:47:01","date_gmt":"2026-03-29T11:47:01","guid":{"rendered":"https:\/\/lunafry.store\/product\/akku-staubsauger-50kpa-600w-70mins-staubsauger-kabellos-mit-selbststehend-1-8l-grosser-staubbecher-anti-tangle-burste-8-stufiges-filtersystem-grunes-licht-fur-hartboden-teppiche-tierhaare\/"},"modified":"2026-03-29T11:51:27","modified_gmt":"2026-03-29T11:51:27","slug":"akku-staubsauger-50kpa-600w-70mins-staubsauger-kabellos-mit-selbststehend-1-8l-grosser-staubbecher-anti-tangle-burste-8-stufiges-filtersystem-grunes-licht-fur-hartboden-teppiche-tierhaare","status":"publish","type":"product","link":"https:\/\/lunafry.store\/en\/product\/akku-staubsauger-50kpa-600w-70mins-staubsauger-kabellos-mit-selbststehend-1-8l-grosser-staubbecher-anti-tangle-burste-8-stufiges-filtersystem-grunes-licht-fur-hartboden-teppiche-tierhaare\/","title":{"rendered":"Akku Staubsauger 50 kPa, 600W, 70 Min, 1,8L, Anti-Tangle-B\u00fcrste, 8-stufiges Filtersystem, Selbststehend, f\u00fcr Hartb\u00f6den, Teppiche &#038; Tierhaare"},"content":{"rendered":"<p><strong>Product Overview<\/strong><\/p>\n<ul>\n<li>\n<strong>Marke:<\/strong> AIDTIPS<\/li>\n<li>\n<strong>Besonderes Merkmal:<\/strong> <\/li>\n<li>\n<strong>Filtertyp:<\/strong> HEPA Filter<\/li>\n<li>\n<strong>Oberfl\u00e4chenempfehlung:<\/strong> Hartb\u00f6den \/ Teppich \/ Tierhaare \/ Fliesen<\/li>\n<li>\n<strong>Stromquelle:<\/strong> Batteriebetrieben<\/li>\n<\/ul>\n<p><strong>Product Features<\/strong><\/p>\n<ul>\n<li>\u301050 KPA\/600 W starke Saugkraft\u3011Der AIDTIPS T18 Akku Staubsauger ist mit einem 2025 neu aufger\u00fcsteten b\u00fcrstenlosen 600W Motor, einer 3-stufigen Saugkrafteinstellung und einer maximalen Saugkraft von 50 KPA ausgestattet, mit der Sie problemlos Feinstaub, Tierhaare, hartn\u00e4ckige Flecken und gro\u00dfe M\u00fcllst\u00fccke auf B\u00f6den, Teppichen oder Fliesen entfernen k\u00f6nnen.<\/li>\n<li>\u301070 Minuten Laufzeit\u3011Der Staubsauger Kabellos verf\u00fcgt \u00fcber 8 Hochleistungsakkus und \u00fcbertrifft damit die herk\u00f6mmliche Konfiguration mit 7 Akkus. Mit nur 4 Stunden Ladezeit genie\u00dfen Sie 20 Minuten maximale Leistung oder 70 Minuten minimale Leistung und erf\u00fcllen so perfekt Ihre Reinigungsanforderungen. Dank des wandmontierten Ladedesigns ist er zudem sehr bequem zu verstauen und aufzuladen.<\/li>\n<li>\u3010Selbststehende Funktion\u3011 Dieser Akkustaubsauger nutzt die neueste B\u00fcrstentechnologie. Er steht w\u00e4hrend der Reinigung selbstst\u00e4ndig, sodass Sie ihn nicht abst\u00fctzen m\u00fcssen und keine Angst vor dem Umkippen haben. So haben Sie jederzeit die H\u00e4nde frei. Ausgestattet mit einem Saugnapf mit langem Griff und einer 2-in-1-B\u00fcrste eignet er sich f\u00fcr eine Vielzahl von Reinigungsszenarien, darunter Fensterb\u00e4nke, Sofaspalten, Tastaturen, Autositze und mehr.<\/li>\n<li>\u3010Staubentfernung mit einer Hand\u3011Der kabelloser staubsauger verf\u00fcgt \u00fcber ein 8-stufiges Pr\u00e4zisionsfiltersystem mit einer Filtergenauigkeit von bis zu 99,99 % und erfasst problemlos Partikel mit einem Durchmesser von nur 0,1 Mikrometern. Um Ihren Reinigungsaufwand zu reduzieren, verf\u00fcgt dieser Staubsauger \u00fcber einen gro\u00dfen 1,8-Liter-Staubbeh\u00e4lter f\u00fcr mehr Schmutz und Haare. Entleeren Sie den Staubbeh\u00e4lter mit einer Hand und einem einzigen Klick, ohne ihn herausnehmen zu m\u00fcssen.<\/li>\n<li>\u3010V-f\u00f6rmige Anti-Tangle-B\u00fcrste\u3011AIDTIPS hat eigenst\u00e4ndig die V-f\u00f6rmige B\u00fcrste der Spitzenklasse auf dem Markt entwickelt. Durch die Kombination feiner Borsten mit Gummistreifen entfernt sie tief im Teppich verborgenen Schmutz gr\u00fcndlich und verhindert effektiv Haarverwicklungen, sodass Sie sich keine Sorgen mehr um Verwicklungen machen m\u00fcssen! Der T18 Akku Staubsauger unterst\u00fctzt auch die Kantenreinigung, um schwer erreichbare Stellen pr\u00e4zise zu erreichen.<\/li>\n<li>\u3010Intelligenter LED-Bildschirm &#038; 6 gr\u00fcne Lichter\u3011 Dieser Akkusauger verf\u00fcgt \u00fcber ein innovatives dreifarbiges dynamisches Kontrollleuchtensystem, mit dem Sie den Saugleistungsstatus deutlich erkennen k\u00f6nnen. Au\u00dferdem werden die Akkulaufzeit, der Staubsammelstand und der Verstopfungsstatus in Echtzeit angezeigt. Sechs ultrahelle gr\u00fcne LEDs an der Bodenb\u00fcrste erh\u00f6hen Helligkeit und Beleuchtung um 50 %, sodass selbst feinste Staubpartikel ohne tote Winkel deutlich sichtbar sind.<\/li>\n<li>\u3010Zuverl\u00e4ssiger und sorgenfreier Service\u3011 AIDTIPS bietet eine 2-j\u00e4hrige Garantie und einen 24\/7-Kundendienst. Wir bieten einen sorgenfreien R\u00fcckgabeservice. Wenn Sie Probleme mit Ihrem cordless vacuum cleaner haben, k\u00f6nnen Sie sich gerne an uns wenden.<\/li>\n<\/ul>\n<p><strong>Product Information<\/strong><\/p>\n<ul>\n<table style=\"margin-bottom:20px\">\n<tbody>\n<tr>\n<td><strong>Besondere Merkmale<\/strong><\/td>\n<td>50000Pa Saugkraft,600 Watt Motor,70Min Laufzeit,Selbststehende Funktion,Anti-Tangle-Bodenb\u00fcrs,1.8L Staubbeh\u00e4lter,Staubentfernung mit einem Klick,6 LED-Bodenb\u00fcrstenleuchten,Hepa-Filtration,LED-Farbdisplay<\/td>\n<\/tr>\n<tr>\n<td><strong>Filtertyp<\/strong><\/td>\n<td>HEPA Filter<\/td>\n<\/tr>\n<tr>\n<td><strong>Geeignete Gel\u00e4ndeart<\/strong><\/td>\n<td>Hartb\u00f6den \/ Teppich \/ Tierhaare \/ Fliesen<\/td>\n<\/tr>\n<tr>\n<td><strong>Kapazit\u00e4t<\/strong><\/td>\n<td>1,8 Liter<\/td>\n<\/tr>\n<tr>\n<td><strong>Empfohlene Verw.bereiche f\u00fcr Produkt<\/strong><\/td>\n<td>Dieser Akku Staubsauger eignet sich f\u00fcr verschiedene Reinigungsszenarien: Reinigung des gesamten Hauses, Reinigung von B\u00f6den, Teppichen und Fliesen, Reinigung von Tierhaaren, Reinigung von Sofas, Reinigung von Ecken und Spalten usw. Er ist ein perfektes Geschenk f\u00fcr Weihnachten, Thanksgiving, Geburtstage, Halloween, Ostern und Neujahr.<\/td>\n<\/tr>\n<tr>\n<td><strong>Farbe<\/strong><\/td>\n<td>Blau<\/td>\n<\/tr>\n<tr>\n<td><strong>Ger\u00e4uschpegel<\/strong><\/td>\n<td>62 Dezibel<\/td>\n<\/tr>\n<tr>\n<td><strong>Anzahl G\u00e4nge<\/strong><\/td>\n<td>3<\/td>\n<\/tr>\n<tr>\n<td><strong>Tragbar<\/strong><\/td>\n<td>Ja<\/td>\n<\/tr>\n<tr>\n<td><strong>Anzahl Leistungsstufen<\/strong><\/td>\n<td>3<\/td>\n<\/tr>\n<tr>\n<td><strong>Verwendung im Innen- und Au\u00dfenbereich<\/strong><\/td>\n<td>Innenbereich<\/td>\n<\/tr>\n<tr>\n<td><strong>Betriebsart<\/strong><\/td>\n<td>Batteriebetrieben<\/td>\n<\/tr>\n<tr>\n<td><strong>Ist das Produkt kabellos<\/strong><\/td>\n<td>Ja<\/td>\n<\/tr>\n<tr>\n<td><strong>Artikelgewicht<\/strong><\/td>\n<td>4,3 Pfund<\/td>\n<\/tr>\n<tr>\n<td><strong>Artikel Abmessungen L x B x H<\/strong><\/td>\n<td>40L x 30B x 20H cm<\/td>\n<\/tr>\n<tr>\n<td><strong>Formfaktor<\/strong><\/td>\n<td>Stick<\/td>\n<\/tr>\n<tr>\n<td><strong>Marke<\/strong><\/td>\n<td>AIDTIPS<\/td>\n<\/tr>\n<tr>\n<td><strong>Eingeschlossene Komponenten<\/strong><\/td>\n<td>\u27a41 \u00d7 AIDTIPS Akku Staubsauger \u27a41 \u00d7 Lange Spaltb\u00fcrste \u27a41 \u00d7 2-in-1-B\u00fcrste \u27a41 \u00d7 Zus\u00e4tzliche Hepa-Filter \u27a41 \u00d7 Adapter mit Aufbewahrungshalterung \u27a41 \u00d7 Mini-Reinigungsb\u00fcrste \u27a41 \u00d7 Kurzanleitung \u27a41 \u00d7Europ\u00e4isches mehrsprachiges Handbuch<\/td>\n<\/tr>\n<tr>\n<td><strong>Modellname<\/strong><\/td>\n<td>T18<\/td>\n<\/tr>\n<tr>\n<td><strong>Modellnummer<\/strong><\/td>\n<td>T18<\/td>\n<\/tr>\n<tr>\n<td><strong>Hersteller<\/strong><\/td>\n<td>AIDTIPS<\/td>\n<\/tr>\n<tr>\n<td><strong>Anzahl von Artikeln<\/strong><\/td>\n<td>1<\/td>\n<\/tr>\n<tr>\n<td><strong>UPC<\/strong><\/td>\n<td>724087343101<\/td>\n<\/tr>\n<tr>\n<td><strong>Amazon Bestseller-Rang<\/strong><\/td>\n<td><\/td>\n<\/tr>\n<tr>\n<td><strong>ASIN<\/strong><\/td>\n<td>B0FP49Q1Q2<\/td>\n<\/tr>\n<tr>\n<td><strong>Durchschnittliche Kundenbewertung<\/strong><\/td>\n<td><\/td>\n<\/tr>\n<tr>\n<td><strong>Spannung<\/strong><\/td>\n<td>29.6<\/td>\n<\/tr>\n<tr>\n<td><strong>Wattleistung<\/strong><\/td>\n<td>600 Watt<\/td>\n<\/tr>\n<tr>\n<td><strong>Akkulaufzeit<\/strong><\/td>\n<td>70 Minuten<\/td>\n<\/tr>\n<tr>\n<td><strong>Dauer<\/strong><\/td>\n<td>1 Stunde und 10 Minuten<\/td>\n<\/tr>\n<\/tbody>\n<\/table>\n<\/ul>","protected":false},"excerpt":{"rendered":"<p>Product Overview Marke: AIDTIPS Besonderes Merkmal: Filtertyp: HEPA Filter Oberfl\u00e4chenempfehlung: Hartb\u00f6den \/ Teppich \/ Tierhaare \/ Fliesen Stromquelle: Batteriebetrieben Product<\/p>","protected":false},"featured_media":31810,"comment_status":"open","ping_status":"closed","template":"","meta":[],"product_brand":[],"product_cat":[152],"product_tag":[],"class_list":{"0":"post-31735","1":"product","2":"type-product","3":"status-publish","4":"has-post-thumbnail","6":"product_cat-startseite","8":"first","9":"instock","10":"sale","11":"shipping-taxable","12":"purchasable","13":"product-type-variable"},"jetpack_sharing_enabled":true,"_links":{"self":[{"href":"https:\/\/lunafry.store\/en\/wp-json\/wp\/v2\/product\/31735","targetHints":{"allow":["GET"]}}],"collection":[{"href":"https:\/\/lunafry.store\/en\/wp-json\/wp\/v2\/product"}],"about":[{"href":"https:\/\/lunafry.store\/en\/wp-json\/wp\/v2\/types\/product"}],"replies":[{"embeddable":true,"href":"https:\/\/lunafry.store\/en\/wp-json\/wp\/v2\/comments?post=31735"}],"version-history":[{"count":0,"href":"https:\/\/lunafry.store\/en\/wp-json\/wp\/v2\/product\/31735\/revisions"}],"wp:featuredmedia":[{"embeddable":true,"href":"https:\/\/lunafry.store\/en\/wp-json\/wp\/v2\/media\/31810"}],"wp:attachment":[{"href":"https:\/\/lunafry.store\/en\/wp-json\/wp\/v2\/media?parent=31735"}],"wp:term":[{"taxonomy":"product_brand","embeddable":true,"href":"https:\/\/lunafry.store\/en\/wp-json\/wp\/v2\/product_brand?post=31735"},{"taxonomy":"product_cat","embeddable":true,"href":"https:\/\/lunafry.store\/en\/wp-json\/wp\/v2\/product_cat?post=31735"},{"taxonomy":"product_tag","embeddable":true,"href":"https:\/\/lunafry.store\/en\/wp-json\/wp\/v2\/product_tag?post=31735"}],"curies":[{"name":"wp","href":"https:\/\/api.w.org\/{rel}","templated":true}]}}