{"id":31730,"date":"2026-03-29T11:46:59","date_gmt":"2026-03-29T11:46:59","guid":{"rendered":"https:\/\/lunafry.store\/product\/akku-staubsauger-50kpa-600w-65min-selbststehender-staubsauger-kabellos-mit-1m-ausziehbarer-schlauch-wandladestation-automatikmodus-anti-tangle-burste-mehrstufige-filtration-fur-teppiche-hartboden-auto\/"},"modified":"2026-03-29T11:51:28","modified_gmt":"2026-03-29T11:51:28","slug":"akku-staubsauger-50kpa-600w-65min-selbststehender-staubsauger-kabellos-mit-1m-ausziehbarer-schlauch-wandladestation-automatikmodus-anti-tangle-burste-mehrstufige-filtration-fur-teppiche-hartboden-auto","status":"publish","type":"product","link":"https:\/\/lunafry.store\/en\/product\/akku-staubsauger-50kpa-600w-65min-selbststehender-staubsauger-kabellos-mit-1m-ausziehbarer-schlauch-wandladestation-automatikmodus-anti-tangle-burste-mehrstufige-filtration-fur-teppiche-hartboden-auto\/","title":{"rendered":"Akku Staubsauger 50 kPa, 600W, 65 Min, Anti-Tangle-B\u00fcrste, 1m Schlauch, Wandladestation, Automatikmodus, f\u00fcr Teppiche, Hartb\u00f6den &#038; Auto"},"content":{"rendered":"<p><strong>Product Overview<\/strong><\/p>\n<ul>\n<li>\n<strong>Marke:<\/strong> INTETURE<\/li>\n<li>\n<strong>Besonderes Merkmal:<\/strong> <\/li>\n<li>\n<strong>Filtertyp:<\/strong> HEPA Filter<\/li>\n<li>\n<strong>Oberfl\u00e4chenempfehlung:<\/strong> Alle Etagen<\/li>\n<li>\n<strong>Stromquelle:<\/strong> Batteriebetrieben<\/li>\n<\/ul>\n<p><strong>Product Features<\/strong><\/p>\n<ul>\n<li>&#x1f680;\u3010600W\/50KPA Power-Saugkraft\u3011Unser Akku Staubsauger upgrade 600W Hochleistungsmotor mit 30% mehr Power bei reduziertem Energieverbrauch erzeugt bombastische 50000PA Saugdruck.Beseitigt m\u00fchelos tiefe Tierhaare aus Teppichfasern sowie eingetretene Kr\u00fcmel, feinste Staubpartikel und hartn\u00e4ckigen Schmutz von Hartb\u00f6den und Parkett.Ingenieurskunst meets smartes Design: Jetzt Zuhause staubfrei wie nie zuvor\uff01<\/li>\n<li>&#x1f680;\u301065 Minuten Laufzeit &#038; Wandladestation\u3011Dieser Staubsauger Kabellos verf\u00fcgt \u00fcber innovative Akkutechnologie und einen abnehmbaren Hochkapazit\u00e4ts-Akku, der sowohl unabh\u00e4ngiges als auch wandmontiertes Aufladen (inkl. Wandhalterung) unterst\u00fctzt. Zubeh\u00f6rb\u00fcrsten werden ordentlich verstaut und sind stets griffbereit \u2013 Schluss mit Kabelsalat! Ihr Akkustaubsauger meistert jede Reinigung m\u00fchelos.Sie k\u00f6nnen auch optional einen zweiten Akku erwerben und so die Laufzeit ganz einfach verdoppeln!<\/li>\n<li>&#x1f680;\u30101 Meter Flex-Schlauch &#038; Vielseitiges Zubeh\u00f6r\u3011Ausgestattet mit einem 1 Meter langen Flex-Schlauch f\u00fcr einfache Verbindung zur multifunktionalen 2-in-1-B\u00fcrste und zur Sofab\u00fcrste.Wechseln Sie je nach Bedarf das Zubeh\u00f6r \u2013 nur ein Staubsauger, der alles kann,Sie brauchen keine zus\u00e4tzlichen Ger\u00e4te.Ob enge Ecken in hohen R\u00e4umen, tiefe Sofaritzen oder schmale Spalten im Auto.Dieser leistungsstarke Staubsauger akku verwandelt sich m\u00fchelos in Ihren perfekten Helfer f\u00fcr Auto und Haushalt \u00fcr eine gr\u00fcndliche und m\u00fchelose Reinigung \u00fcberall.<\/li>\n<li>&#x1f680;\u3010Automatikmodus &#038; Anti-Wickel-B\u00fcrste\u3011Dieser kabelloser Staubsauger verf\u00fcgt \u00fcber ein klares HD-Touchscreen zur Echtzeit-\u00dcberwachung des Reinigungsstatus. Der Auto-Modus passt die Saugkraft intelligent an verschiedene Bodenbel\u00e4ge an \u2013 f\u00fcr effizientes und zeitsparendes Putzen.Der innovative V-f\u00f6rmige B\u00fcrstenkopf mit 270\u00b0-Schwenkfunktion und bodennahem Design erfasst Haare effektiv, reduziert Verwicklungen und reinigt m\u00fchelos um Tischbeine, W\u00e4nde und Betten. Die fortschrittliche Gr\u00fcnlicht-LED-Technologie erweitert den Erfassungsbereich \u2013 kein \u00fcbersehener Schmutz mehr!<\/li>\n<li>&#x1f680;\u3010FreiSteh-Funktion &#038; Duftfunktion\u3011Der Selbststehender Staubsauger Kabellos kann selbstst\u00e4ndig stehen bleiben, wenn Sie eine Pause einlegen. Kein l\u00e4stiges Suchen nach einer Abstellfl\u00e4che mehr und kein Risiko, dass er umf\u00e4llt\u2013 H\u00e4nde frei f\u00fcr mehr Komfort! Ausgestattet mit einem 8-stufigen Filtersystem kann es 99,99 % der Partikel effektiv filtern,plus praktischem Aroma-Stick-Slot f\u00fcr angenehmen Bl\u00fctenduft im ganzen Raum.<\/li>\n<li>&#x1f48c;\u3010Erstklassiger Kundenservice \u3011 INTETURE kabellose Staubsauger wird von einer robusten Qualit\u00e4tsgarantie begleitet und bietet sorgenfreie Gew\u00e4hrleistung sowie 24\/7-Kundenservice f\u00fcr ein absolut entspanntes Einkaufserlebnis. Sollten Sie auf Probleme sto\u00dfen, kontaktieren Sie uns bitte direkt\uff01\u00dcberzeugen Sie sich selbst und erleben Sie die kraftvolle Leistung dieses Staubsauger!<\/li>\n<\/ul>\n<p><strong>Product Information<\/strong><\/p>\n<ul>\n<table style=\"margin-bottom:20px\">\n<tbody>\n<tr>\n<td><strong>Besondere Merkmale<\/strong><\/td>\n<td>\u27a47 * 24-Stunden Kundendienst\u27a4Ein ausgezeichnetes Geschenk f\u00fcr Weihnachten, Muttertag, Vatertag, Geburtstag, Erntedankfest \u27a450000Pa\/600W Starke Saugkraft \u27a465 Minuten Laufzeit \u27a41M flexibler Schlauch\u27a4Praktische Selbststehfunktion \u27a4Wandmontierte Ladestation \u27a4Anti-Verwicklungs-Bodenb\u00fcrste\u27a4Gr\u00fcne Lichtfunktion \u27a4Aromatherapie-Funktion\u27a41,8L gro\u00dfer Staubbeh\u00e4lter \u27a4Verstellbares Verl\u00e4ngerungsrohr (94cm~118cm) \u27a4Mehrschichtiges Zyklon-Filtersystem , HEPA-waschbar<\/td>\n<\/tr>\n<tr>\n<td><strong>Filtertyp<\/strong><\/td>\n<td>HEPA Filter<\/td>\n<\/tr>\n<tr>\n<td><strong>Geeignete Gel\u00e4ndeart<\/strong><\/td>\n<td>Alle Etagen<\/td>\n<\/tr>\n<tr>\n<td><strong>Kapazit\u00e4t<\/strong><\/td>\n<td>1,8 Liter<\/td>\n<\/tr>\n<tr>\n<td><strong>Empfohlene Verw.bereiche f\u00fcr Produkt<\/strong><\/td>\n<td>Alle Fu\u00dfb\u00f6den, einschlie\u00dflich Teppich und Hartb\u00f6den<\/td>\n<\/tr>\n<tr>\n<td><strong>Farbe<\/strong><\/td>\n<td>Gold<\/td>\n<\/tr>\n<tr>\n<td><strong>Ger\u00e4uschpegel<\/strong><\/td>\n<td>65 Dezibel<\/td>\n<\/tr>\n<tr>\n<td><strong>Stil\/Form<\/strong><\/td>\n<td>Modern<\/td>\n<\/tr>\n<tr>\n<td><strong>Tragbar<\/strong><\/td>\n<td>Ja<\/td>\n<\/tr>\n<tr>\n<td><strong>Anzahl Leistungsstufen<\/strong><\/td>\n<td>2<\/td>\n<\/tr>\n<tr>\n<td><strong>Verwendung im Innen- und Au\u00dfenbereich<\/strong><\/td>\n<td>Innenbereich<\/td>\n<\/tr>\n<tr>\n<td><strong>Betriebsart<\/strong><\/td>\n<td>Batteriebetrieben<\/td>\n<\/tr>\n<tr>\n<td><strong>Ist das Produkt kabellos<\/strong><\/td>\n<td>Ja<\/td>\n<\/tr>\n<tr>\n<td><strong>Artikelgewicht<\/strong><\/td>\n<td>6,6 Pfund<\/td>\n<\/tr>\n<tr>\n<td><strong>Artikel Abmessungen L x B x H<\/strong><\/td>\n<td>25L x 26B x 50H cm<\/td>\n<\/tr>\n<tr>\n<td><strong>Schlauchl\u00e4nge<\/strong><\/td>\n<td>1 Meter<\/td>\n<\/tr>\n<tr>\n<td><strong>Controllertyp<\/strong><\/td>\n<td>Touchpad-Steuerung<\/td>\n<\/tr>\n<tr>\n<td><strong>Steuerungsart<\/strong><\/td>\n<td>Ber\u00fchren<\/td>\n<\/tr>\n<tr>\n<td><strong>Marke<\/strong><\/td>\n<td>INTETURE<\/td>\n<\/tr>\n<tr>\n<td><strong>Eingeschlossene Komponenten<\/strong><\/td>\n<td>1x Hochleistungsakku \u27a41 x Hauptger\u00e4 \u27a41 x Teleskoprohr \u27a41 x Bodenb\u00fcrste &#038; Anti-Wickel-Trommel\u27a41M flexibler Schlauch \u27a41 x Staubbeh\u00e4lter \u27a41 x Ladeger\u00e4t \u27a41 x Sofab\u00fcrste\u27a41 x 2-in-1-B\u00fcrste \u27a42 x Aromatherapie-Tabletten\u27a41 x Wandhalterung \u27a41 x Mini Reinigungsb\u00fcrste\u27a41 x Bedienungsanleitung in 6 Sprachen \u27a41 x HEPA-Filter (Extrageschenk) \u27a41 x Hardwaretasche<\/td>\n<\/tr>\n<tr>\n<td><strong>Modellname<\/strong><\/td>\n<td>BP40<\/td>\n<\/tr>\n<tr>\n<td><strong>Modellnummer<\/strong><\/td>\n<td>BP40<\/td>\n<\/tr>\n<tr>\n<td><strong>Herkunftsland<\/strong><\/td>\n<td>China<\/td>\n<\/tr>\n<tr>\n<td><strong>Hersteller<\/strong><\/td>\n<td>INTETURE<\/td>\n<\/tr>\n<tr>\n<td><strong>Anzahl von Artikeln<\/strong><\/td>\n<td>1<\/td>\n<\/tr>\n<tr>\n<td><strong>Garantie<\/strong><\/td>\n<td>1.<\/td>\n<\/tr>\n<tr>\n<td><strong>Herstellungsjahr<\/strong><\/td>\n<td>2025<\/td>\n<\/tr>\n<tr>\n<td><strong>Amazon Bestseller-Rang<\/strong><\/td>\n<td><\/td>\n<\/tr>\n<tr>\n<td><strong>ASIN<\/strong><\/td>\n<td>B0GGH51B6V<\/td>\n<\/tr>\n<tr>\n<td><strong>Durchschnittliche Kundenbewertung<\/strong><\/td>\n<td><\/td>\n<\/tr>\n<tr>\n<td><strong>Spannung<\/strong><\/td>\n<td>29,6 Volt<\/td>\n<\/tr>\n<tr>\n<td><strong>Wattleistung<\/strong><\/td>\n<td>600 Watt<\/td>\n<\/tr>\n<tr>\n<td><strong>Batterietyp<\/strong><\/td>\n<td>Lithium-Ionen<\/td>\n<\/tr>\n<tr>\n<td><strong>Akkulaufzeit<\/strong><\/td>\n<td>65 Minuten<\/td>\n<\/tr>\n<tr>\n<td><strong>Dauer<\/strong><\/td>\n<td>1 Stunde und 5 Minuten<\/td>\n<\/tr>\n<tr>\n<td><strong>Formfaktor<\/strong><\/td>\n<td>Aufrecht<\/td>\n<\/tr>\n<\/tbody>\n<\/table>\n<\/ul>","protected":false},"excerpt":{"rendered":"<p>Product Overview Marke: INTETURE Besonderes Merkmal: Filtertyp: HEPA Filter Oberfl\u00e4chenempfehlung: Alle Etagen Stromquelle: Batteriebetrieben Product Features &#x1f680;\u3010600W\/50KPA Power-Saugkraft\u3011Unser Akku Staubsauger<\/p>","protected":false},"featured_media":31815,"comment_status":"open","ping_status":"closed","template":"","meta":[],"product_brand":[],"product_cat":[],"product_tag":[],"class_list":{"0":"post-31730","1":"product","2":"type-product","3":"status-publish","4":"has-post-thumbnail","7":"first","8":"instock","9":"sale","10":"shipping-taxable","11":"purchasable","12":"product-type-variable"},"jetpack_sharing_enabled":true,"_links":{"self":[{"href":"https:\/\/lunafry.store\/en\/wp-json\/wp\/v2\/product\/31730","targetHints":{"allow":["GET"]}}],"collection":[{"href":"https:\/\/lunafry.store\/en\/wp-json\/wp\/v2\/product"}],"about":[{"href":"https:\/\/lunafry.store\/en\/wp-json\/wp\/v2\/types\/product"}],"replies":[{"embeddable":true,"href":"https:\/\/lunafry.store\/en\/wp-json\/wp\/v2\/comments?post=31730"}],"version-history":[{"count":0,"href":"https:\/\/lunafry.store\/en\/wp-json\/wp\/v2\/product\/31730\/revisions"}],"wp:featuredmedia":[{"embeddable":true,"href":"https:\/\/lunafry.store\/en\/wp-json\/wp\/v2\/media\/31815"}],"wp:attachment":[{"href":"https:\/\/lunafry.store\/en\/wp-json\/wp\/v2\/media?parent=31730"}],"wp:term":[{"taxonomy":"product_brand","embeddable":true,"href":"https:\/\/lunafry.store\/en\/wp-json\/wp\/v2\/product_brand?post=31730"},{"taxonomy":"product_cat","embeddable":true,"href":"https:\/\/lunafry.store\/en\/wp-json\/wp\/v2\/product_cat?post=31730"},{"taxonomy":"product_tag","embeddable":true,"href":"https:\/\/lunafry.store\/en\/wp-json\/wp\/v2\/product_tag?post=31730"}],"curies":[{"name":"wp","href":"https:\/\/api.w.org\/{rel}","templated":true}]}}