{"id":31726,"date":"2026-03-29T11:46:59","date_gmt":"2026-03-29T11:46:59","guid":{"rendered":"https:\/\/lunafry.store\/product\/akku-staubsauger-45000pa-550w-65min-1-6l-staubsauger-kabellos-mit-display-anti-tangle-burste-selbststehend-wandladestation-8-schicht-filtration-ultraleise-fur-tierhaare-teppiche-hartboden-auto-1\/"},"modified":"2026-03-29T11:51:30","modified_gmt":"2026-03-29T11:51:30","slug":"akku-staubsauger-45000pa-550w-65min-1-6l-staubsauger-kabellos-mit-display-anti-tangle-burste-selbststehend-wandladestation-8-schicht-filtration-ultraleise-fur-tierhaare-teppiche-hartboden-auto-1","status":"publish","type":"product","link":"https:\/\/lunafry.store\/en\/product\/akku-staubsauger-45000pa-550w-65min-1-6l-staubsauger-kabellos-mit-display-anti-tangle-burste-selbststehend-wandladestation-8-schicht-filtration-ultraleise-fur-tierhaare-teppiche-hartboden-auto-1\/","title":{"rendered":"Akku Staubsauger 45.000Pa, 550W, 65 Min, 1,6L, Display, Anti-Tangle-B\u00fcrste, Wandladestation, 8-Schicht-Filtration, f\u00fcr Tierhaare, Teppiche &#038; Auto"},"content":{"rendered":"<p><strong>Product Overview<\/strong><\/p>\n<ul>\n<li>\n<strong>Marke:<\/strong> Bulelink<\/li>\n<li>\n<strong>Besonderes Merkmal:<\/strong> <\/li>\n<li>\n<strong>Filtertyp:<\/strong> HEPA Filter<\/li>\n<li>\n<strong>Oberfl\u00e4chenempfehlung:<\/strong> Teppiche, Harter Boden, Auto<\/li>\n<li>\n<strong>Stromquelle:<\/strong> Batteriebetrieben<\/li>\n<\/ul>\n<p><strong>Product Features<\/strong><\/p>\n<ul>\n<li>\u3010550W &#038; 45Kpa Supersaugleistung\u3011 Dank des marktf\u00fchrenden b\u00fcrstenlosen 550-W-Motors und der Ger\u00e4uschreduzierungstechnologie bietet dieser Akku Staubsauger eine erstaunliche Saugkraft von 45 KPa. Er entfernt nicht nur gr\u00fcndlich Tierhaare und Flusen aus Teppichen und gro\u00dfe Partikel wie Kekse, Hundefutter und Katzenfutter vom Boden, sondern erreicht auch problemlos Staub und Schmutz in Ecken, an Kanten, in Zwischenr\u00e4umen, unter M\u00f6beln und an hohen Stellen. Es erm\u00f6glicht eine effiziente Tiefenreinigung und sch\u00fctzt gleichzeitig Ihre Familie und Haustiere vor starkem L\u00e4rm (L\u00e4rm < 62 dB).<\/li>\n<li>\u301065 Minuten Lange Akkulaufzeit\u3011Dieser Staubsauger Kabellos verwendet 8&#215;2500 mAh herausnehmbare Akkus mit gro\u00dfer Kapazit\u00e4t. Nachdem der Staubsauger vollst\u00e4ndig aufgeladen ist (4H), kann er 65 Minuten lang bei minimaler Saugleistung arbeiten und 30 Minuten lang ununterbrochen bei maximaler Saugleistung reinigen, sodass problemlos eine &#8222;Reinigung des Gesamten Hauses&#8220; m\u00f6glich ist. Durch vorheriges Befestigen des Ladeger\u00e4ts an der Wandhalterung kann ein automatisches Laden erreicht werden. Dieser Shop unterst\u00fctzt den Kauf eines Zweitakkus.<\/li>\n<li>\u3010V-f\u00f6rmige Anti-Tangle-B\u00fcrste\u3011Das strukturelle Design des Staubsauger Akku mit Kammz\u00e4hnen und V-f\u00f6rmiger rotierender B\u00fcrste kann die M\u00f6glichkeit des Verhedderns der Haare minimieren, was sehr gut f\u00fcr Familien mit Haustieren geeignet ist. Die beidseitig geriffelten Bodenb\u00fcrsten lassen sich flexibel um 270\u00b0 drehen und die helle LED erhellt auch dunkle Stellen problemlos, sodass Ihnen Staub und Schmutz an \u201eKanten, Tischbeinen, unter dem Bett und unter dem Sofa\u201c nicht mehr entgeht.<\/li>\n<li>\u301099,99 % Hocheffiziente Filtration\u3011 Der Kabelloser Staubsauger verf\u00fcgt \u00fcber 8 Schichten Pr\u00e4zisionsfiltration und eine Multi-Vortex-Struktur, um eine effiziente Zyklontrennung zu erreichen, 99,99 % der gro\u00dfen Partikel und winzigen Staubpartikel unter 0,3 \u03bcm strikt zu blockieren und eine Sekund\u00e4rverschmutzung durch R\u00fcckfluss zu verhindern. Dies ist freundlich f\u00fcr Haushalte mit Haustieren und Allergiker. Der 1,6-Liter-Staubbeh\u00e4lter mit One-Touch-Entleerung kann mehr Staub und Schmutz aufnehmen, ohne dass eine h\u00e4ufige Wartung erforderlich ist.<\/li>\n<li>\u3010HD-Farbiger LED-Display\u3011 Das empfindliche Sensorsystem unterst\u00fctzt das Ber\u00fchren des Bildschirms zum Einstellen der Saugleistung und die einfachen, hochaufl\u00f6senden und extragro\u00dfen Symbole sind sehr benutzerfreundlich f\u00fcr kurzsichtige Menschen sowie Menschen mittleren und h\u00f6heren Alters. Das Smart Panel zeigt die verbleibende Leistung in Echtzeit an, damit Sie Ihre Reinigung besser planen k\u00f6nnen. Bei auftretenden Anomalien werden Sie durch Alarme daran erinnert, eine Wartung der Maschine durchzuf\u00fchren. Jeder kann den Komfort und den Spa\u00df der intelligenten Reinigung genie\u00dfen!<\/li>\n<li>\u3010Selbststehend und Sorgenfreier Service\u3011 Dank des freistehenden Designs k\u00f6nnen Sie die Reinigungspausentaste jederzeit dr\u00fccken und m\u00fcssen sich keine Sorgen machen, dass der Staubsauger herunterf\u00e4llt, wenn Sie ihn irgendwo aufstellen. Ausgestattet mit einem verstellbaren Teleskoprohr, um den Anforderungen von Benutzern unterschiedlicher Gr\u00f6\u00dfe gerecht zu werden. Sorgenfreies Einkaufen, sorgenfreier Service. Wenn Sie Hilfe ben\u00f6tigen, hinterlassen Sie uns bitte eine Nachricht. Wir sind immer f\u00fcr Sie da, um Ihnen einen schnellen und zuverl\u00e4ssigen Service zu bieten.<\/li>\n<\/ul>\n<p><strong>Product Information<\/strong><\/p>\n<ul>\n<table style=\"margin-bottom:20px\">\n<tbody>\n<tr>\n<td><strong>Besondere Merkmale<\/strong><\/td>\n<td>\u27a4Entleeren des Staubbeh\u00e4lters mit einem Klick; \u27a499,99 % effiziente Filtration; \u27a4H\u00f6henverstellbar (94 cm &#8211; 118 cm); \u27a4Waschbares Filtersystem; \u27a4Anti-Tangle-Bodenb\u00fcrste; \u27a4270\u00b0 drehbar mit Frontlicht; \u27a4Zuverl\u00e4ssiger Kundenservice, \u27a4Intelligente Sensoranzeige; \u27a4550 W b\u00fcrstenloser Motor; \u27a445 Kpa superstarke Saugkraft; \u27a462dB Ultra-leise; \u27a465 Minuten Lange Akkulaufzeit; \u27a44-Stunden-Schnellladung; \u27a4Wandhalterung zum Aufladen; \u27a4Selbststehend Design; \u27a4Staubbeh\u00e4lter mit gro\u00dfem Fassungsverm\u00f6gen von 1,6L;<\/td>\n<\/tr>\n<tr>\n<td><strong>Filtertyp<\/strong><\/td>\n<td>HEPA Filter<\/td>\n<\/tr>\n<tr>\n<td><strong>Geeignete Gel\u00e4ndeart<\/strong><\/td>\n<td>Teppiche, Harter Boden, Auto<\/td>\n<\/tr>\n<tr>\n<td><strong>Empfohlene Verw.bereiche f\u00fcr Produkt<\/strong><\/td>\n<td>Teppiche, Hartb\u00f6den, Tierhaare, Auto<\/td>\n<\/tr>\n<tr>\n<td><strong>Farbe<\/strong><\/td>\n<td>Rot<\/td>\n<\/tr>\n<tr>\n<td><strong>Motorleistung<\/strong><\/td>\n<td>0.738 horsepower<\/td>\n<\/tr>\n<tr>\n<td><strong>Anzahl G\u00e4nge<\/strong><\/td>\n<td>3<\/td>\n<\/tr>\n<tr>\n<td><strong>Tragbar<\/strong><\/td>\n<td>Ja<\/td>\n<\/tr>\n<tr>\n<td><strong>Anzahl Leistungsstufen<\/strong><\/td>\n<td>3<\/td>\n<\/tr>\n<tr>\n<td><strong>Verwendung im Innen- und Au\u00dfenbereich<\/strong><\/td>\n<td>Innenbereich<\/td>\n<\/tr>\n<tr>\n<td><strong>Anzahl an R\u00e4dern<\/strong><\/td>\n<td>2<\/td>\n<\/tr>\n<tr>\n<td><strong>Betriebsart<\/strong><\/td>\n<td>Batteriebetrieben<\/td>\n<\/tr>\n<tr>\n<td><strong>Ist das Produkt kabellos<\/strong><\/td>\n<td>Ja<\/td>\n<\/tr>\n<tr>\n<td><strong>Batterieladezeit<\/strong><\/td>\n<td>4 Stunden<\/td>\n<\/tr>\n<tr>\n<td><strong>Akkulaufzeit<\/strong><\/td>\n<td>65 Minuten<\/td>\n<\/tr>\n<tr>\n<td><strong>Dauer<\/strong><\/td>\n<td>1 Stunde und 5 Minuten<\/td>\n<\/tr>\n<tr>\n<td><strong>Marke<\/strong><\/td>\n<td>Bulelink<\/td>\n<\/tr>\n<tr>\n<td><strong>Modellname<\/strong><\/td>\n<td>G10-4<\/td>\n<\/tr>\n<tr>\n<td><strong>Modellnummer<\/strong><\/td>\n<td>&#8212;<\/td>\n<\/tr>\n<tr>\n<td><strong>Hersteller<\/strong><\/td>\n<td>Bulelink<\/td>\n<\/tr>\n<tr>\n<td><strong>Anzahl von Artikeln<\/strong><\/td>\n<td>1<\/td>\n<\/tr>\n<tr>\n<td><strong>Herstellungsjahr<\/strong><\/td>\n<td>2025<\/td>\n<\/tr>\n<tr>\n<td><strong>Amazon Bestseller-Rang<\/strong><\/td>\n<td><\/td>\n<\/tr>\n<tr>\n<td><strong>ASIN<\/strong><\/td>\n<td>B0F6NJWF9B<\/td>\n<\/tr>\n<tr>\n<td><strong>Durchschnittliche Kundenbewertung<\/strong><\/td>\n<td><\/td>\n<\/tr>\n<tr>\n<td><strong>Artikelgewicht<\/strong><\/td>\n<td>4,28 Kilogramm<\/td>\n<\/tr>\n<tr>\n<td><strong>Artikel Abmessungen L x B x H<\/strong><\/td>\n<td>30L x 30B x 30H Millimeter<\/td>\n<\/tr>\n<tr>\n<td><strong>Formfaktor<\/strong><\/td>\n<td>Stick<\/td>\n<\/tr>\n<\/tbody>\n<\/table>\n<\/ul>","protected":false},"excerpt":{"rendered":"<p>Product Overview Marke: Bulelink Besonderes Merkmal: Filtertyp: HEPA Filter Oberfl\u00e4chenempfehlung: Teppiche, Harter Boden, Auto Stromquelle: Batteriebetrieben Product Features \u3010550W &#038;<\/p>","protected":false},"featured_media":31819,"comment_status":"open","ping_status":"closed","template":"","meta":[],"product_brand":[],"product_cat":[],"product_tag":[],"class_list":{"0":"post-31726","1":"product","2":"type-product","3":"status-publish","4":"has-post-thumbnail","7":"first","8":"instock","9":"sale","10":"shipping-taxable","11":"purchasable","12":"product-type-variable"},"jetpack_sharing_enabled":true,"_links":{"self":[{"href":"https:\/\/lunafry.store\/en\/wp-json\/wp\/v2\/product\/31726","targetHints":{"allow":["GET"]}}],"collection":[{"href":"https:\/\/lunafry.store\/en\/wp-json\/wp\/v2\/product"}],"about":[{"href":"https:\/\/lunafry.store\/en\/wp-json\/wp\/v2\/types\/product"}],"replies":[{"embeddable":true,"href":"https:\/\/lunafry.store\/en\/wp-json\/wp\/v2\/comments?post=31726"}],"version-history":[{"count":0,"href":"https:\/\/lunafry.store\/en\/wp-json\/wp\/v2\/product\/31726\/revisions"}],"wp:featuredmedia":[{"embeddable":true,"href":"https:\/\/lunafry.store\/en\/wp-json\/wp\/v2\/media\/31819"}],"wp:attachment":[{"href":"https:\/\/lunafry.store\/en\/wp-json\/wp\/v2\/media?parent=31726"}],"wp:term":[{"taxonomy":"product_brand","embeddable":true,"href":"https:\/\/lunafry.store\/en\/wp-json\/wp\/v2\/product_brand?post=31726"},{"taxonomy":"product_cat","embeddable":true,"href":"https:\/\/lunafry.store\/en\/wp-json\/wp\/v2\/product_cat?post=31726"},{"taxonomy":"product_tag","embeddable":true,"href":"https:\/\/lunafry.store\/en\/wp-json\/wp\/v2\/product_tag?post=31726"}],"curies":[{"name":"wp","href":"https:\/\/api.w.org\/{rel}","templated":true}]}}