{"id":31715,"date":"2026-03-29T11:46:58","date_gmt":"2026-03-29T11:46:58","guid":{"rendered":"https:\/\/lunafry.store\/product\/aeg-clean-6000-oko-staubsauger-mit-beutel-hohe-saugleistung-zusatzdusen-xl-rader-edelstahl-teleskoprohr-aus-65-recyclingmaterial-12-m-kabel-850-watt-zubehor-grau-ab61c1oko\/"},"modified":"2026-03-29T11:51:32","modified_gmt":"2026-03-29T11:51:32","slug":"aeg-clean-6000-oko-staubsauger-mit-beutel-hohe-saugleistung-zusatzdusen-xl-rader-edelstahl-teleskoprohr-aus-65-recyclingmaterial-12-m-kabel-850-watt-zubehor-grau-ab61c1oko","status":"publish","type":"product","link":"https:\/\/lunafry.store\/en\/product\/aeg-clean-6000-oko-staubsauger-mit-beutel-hohe-saugleistung-zusatzdusen-xl-rader-edelstahl-teleskoprohr-aus-65-recyclingmaterial-12-m-kabel-850-watt-zubehor-grau-ab61c1oko\/","title":{"rendered":"AEG CLEAN 6000 \u00d6KO Staubsauger mit Beutel, 850W, 12m Kabel, Edelstahl-Teleskoprohr, 65% Recyclingmaterial, Grau"},"content":{"rendered":"<p><strong>Product Overview<\/strong><\/p>\n<ul>\n<li>\n<strong>Marke:<\/strong> AEG<\/li>\n<li>\n<strong>Besonderes Merkmal:<\/strong> F\u00fcr alle B\u00f6den, insbesonere f\u00fcr Oberfl\u00e4che in hochwertiger Textiloptik<\/li>\n<li>\n<strong>Filtertyp:<\/strong> Waschbar<\/li>\n<li>\n<strong>Oberfl\u00e4chenempfehlung:<\/strong> Teppich, Hartboden, Fliesen, Laminat, Parkett, Steinzeug, Holzboden<\/li>\n<li>\n<strong>Stromquelle:<\/strong> Kabelgebunden<\/li>\n<\/ul>\n<p><strong>Product Features<\/strong><\/p>\n<ul>\n<li>Gr\u00fcndliche Reinigungsergebnisse: Automatische Umschaltung der DustMagnet Silent Bodend\u00fcse &#8211; Feinstaubaufnahme aus Fugen von bis zu 100 % &#8211; 850 Watt<\/li>\n<li>Hygienische Reinigung: Entfernung von bis zu 99,99 % der Partikel gr\u00f6\u00dfer als 1 Mikrometer dank Hygienefilter (waschbar) und s-bag Classic Long Performance Staubbeutel<\/li>\n<li>Nachhaltig: Aus 65 % Recyclingkunststoff f\u00fcr maximale Nachhaltigkeit &#8211; die gedruckten Informationen besteht aus recyceltem Papier<\/li>\n<li>M\u00fchelose Reinigung: Mit dem Fu\u00df bedienbar &#8211; oberfl\u00e4chenschonende Softr\u00e4der &#8211; 12 m Aktionsradius &#8211; Einfache Anpassung der Saugleistung f\u00fcr eine effiziente Reinigung ohne unn\u00f6tige Unterbrechungen<\/li>\n<li>Lieferumfang: 1x CLEAN 6000, 1x Bodend\u00fcse, 1x Fugend\u00fcse, 1x Mini-Polsterd\u00fcse, 1x Staubbeutel, 1x Hygienefilter \/\/ Zubeh\u00f6r-Empfehlung: Parkettd\u00fcse AZE161, Staubsaugerbeutel GR201SM, Allergy Plus s-filter AFS1W, Erweiterungsset AKIT09C<\/li>\n<\/ul>\n<p><strong>Product Information<\/strong><\/p>\n<ul>\n<table style=\"margin-bottom:20px\">\n<tbody>\n<tr>\n<td><strong>Besondere Merkmale<\/strong><\/td>\n<td>F\u00fcr alle B\u00f6den, insbesonere f\u00fcr Oberfl\u00e4che in hochwertiger Textiloptik<\/td>\n<\/tr>\n<tr>\n<td><strong>Filtertyp<\/strong><\/td>\n<td>Waschbar<\/td>\n<\/tr>\n<tr>\n<td><strong>Geeignete Gel\u00e4ndeart<\/strong><\/td>\n<td>Teppich, Hartboden, Fliesen, Laminat, Parkett, Steinzeug, Holzboden<\/td>\n<\/tr>\n<tr>\n<td><strong>Kapazit\u00e4t<\/strong><\/td>\n<td>3,5 Liter<\/td>\n<\/tr>\n<tr>\n<td><strong>Empfohlene Verw.bereiche f\u00fcr Produkt<\/strong><\/td>\n<td>F\u00fcr alle B\u00f6den<\/td>\n<\/tr>\n<tr>\n<td><strong>Farbe<\/strong><\/td>\n<td>Recycled Mattschwarz<\/td>\n<\/tr>\n<tr>\n<td><strong>Ger\u00e4uschpegel<\/strong><\/td>\n<td>73 Dezibel<\/td>\n<\/tr>\n<tr>\n<td><strong>Motorleistung<\/strong><\/td>\n<td>1.14 horsepower<\/td>\n<\/tr>\n<tr>\n<td><strong>Stil\/Form<\/strong><\/td>\n<td>Classic<\/td>\n<\/tr>\n<tr>\n<td><strong>Pfadbreite reinigen<\/strong><\/td>\n<td>30 Zentimeter<\/td>\n<\/tr>\n<tr>\n<td><strong>Tragbar<\/strong><\/td>\n<td>Ja<\/td>\n<\/tr>\n<tr>\n<td><strong>Anzahl Leistungsstufen<\/strong><\/td>\n<td>2<\/td>\n<\/tr>\n<tr>\n<td><strong>Verwendung im Innen- und Au\u00dfenbereich<\/strong><\/td>\n<td>Innenbereich<\/td>\n<\/tr>\n<tr>\n<td><strong>Abschlusstypen<\/strong><\/td>\n<td>Matt<\/td>\n<\/tr>\n<tr>\n<td><strong>Anzahl an R\u00e4dern<\/strong><\/td>\n<td>4<\/td>\n<\/tr>\n<tr>\n<td><strong>Spannung<\/strong><\/td>\n<td>230 Volt<\/td>\n<\/tr>\n<tr>\n<td><strong>Wattleistung<\/strong><\/td>\n<td>850 Watt<\/td>\n<\/tr>\n<tr>\n<td><strong>Dauer<\/strong><\/td>\n<td>12 Minuten<\/td>\n<\/tr>\n<tr>\n<td><strong>Controllertyp<\/strong><\/td>\n<td>Touchpad-Steuerung<\/td>\n<\/tr>\n<tr>\n<td><strong>Steuerungsart<\/strong><\/td>\n<td>Ber\u00fchren<\/td>\n<\/tr>\n<tr>\n<td><strong>Verbindungstechnik<\/strong><\/td>\n<td>Kabelgebunden<\/td>\n<\/tr>\n<tr>\n<td><strong>Marke<\/strong><\/td>\n<td>AEG<\/td>\n<\/tr>\n<tr>\n<td><strong>Eingeschlossene Komponenten<\/strong><\/td>\n<td>Bodend\u00fcse, Fugen- und Polsterd\u00fcsen-Set, S-BAG Classic Long Performance Staubbeutel<\/td>\n<\/tr>\n<tr>\n<td><strong>Modellname<\/strong><\/td>\n<td>CLEAN 6000<\/td>\n<\/tr>\n<tr>\n<td><strong>Modellnummer<\/strong><\/td>\n<td>AB61C1OKO<\/td>\n<\/tr>\n<tr>\n<td><strong>Herkunftsland<\/strong><\/td>\n<td>China<\/td>\n<\/tr>\n<tr>\n<td><strong>Hersteller<\/strong><\/td>\n<td>AEG<\/td>\n<\/tr>\n<tr>\n<td><strong>Anzahl von Artikeln<\/strong><\/td>\n<td>1<\/td>\n<\/tr>\n<tr>\n<td><strong>Seriennummer<\/strong><\/td>\n<td>900258607<\/td>\n<\/tr>\n<tr>\n<td><strong>Artikeltyp Name<\/strong><\/td>\n<td>Staubsauger<\/td>\n<\/tr>\n<tr>\n<td><strong>Anzahl von Einheiten<\/strong><\/td>\n<td>1.0 Anzahl<\/td>\n<\/tr>\n<tr>\n<td><strong>Amazon Bestseller-Rang<\/strong><\/td>\n<td><\/td>\n<\/tr>\n<tr>\n<td><strong>ASIN<\/strong><\/td>\n<td>B0BCKN1XW8<\/td>\n<\/tr>\n<tr>\n<td><strong>Durchschnittliche Kundenbewertung<\/strong><\/td>\n<td><\/td>\n<\/tr>\n<tr>\n<td><strong>Betriebsart<\/strong><\/td>\n<td>Kabelgebunden<\/td>\n<\/tr>\n<tr>\n<td><strong>Ist das Produkt kabellos<\/strong><\/td>\n<td>Ja<\/td>\n<\/tr>\n<tr>\n<td><strong>Artikel Abmessungen L x B x H<\/strong><\/td>\n<td>60L x 32B x 28H cm<\/td>\n<\/tr>\n<tr>\n<td><strong>Schlauchl\u00e4nge<\/strong><\/td>\n<td>12 Meter<\/td>\n<\/tr>\n<tr>\n<td><strong>Formfaktor<\/strong><\/td>\n<td>Aufrecht<\/td>\n<\/tr>\n<tr>\n<td><strong>Anzahl der Griffe<\/strong><\/td>\n<td>1<\/td>\n<\/tr>\n<\/tbody>\n<\/table>\n<\/ul>","protected":false},"excerpt":{"rendered":"<p>Product Overview Marke: AEG Besonderes Merkmal: F\u00fcr alle B\u00f6den, insbesonere f\u00fcr Oberfl\u00e4che in hochwertiger Textiloptik Filtertyp: Waschbar Oberfl\u00e4chenempfehlung: Teppich, Hartboden,<\/p>","protected":false},"featured_media":31737,"comment_status":"open","ping_status":"closed","template":"","meta":[],"product_brand":[],"product_cat":[],"product_tag":[],"class_list":{"0":"post-31715","1":"product","2":"type-product","3":"status-publish","4":"has-post-thumbnail","7":"first","8":"instock","9":"sale","10":"shipping-taxable","11":"purchasable","12":"product-type-variable"},"jetpack_sharing_enabled":true,"_links":{"self":[{"href":"https:\/\/lunafry.store\/en\/wp-json\/wp\/v2\/product\/31715","targetHints":{"allow":["GET"]}}],"collection":[{"href":"https:\/\/lunafry.store\/en\/wp-json\/wp\/v2\/product"}],"about":[{"href":"https:\/\/lunafry.store\/en\/wp-json\/wp\/v2\/types\/product"}],"replies":[{"embeddable":true,"href":"https:\/\/lunafry.store\/en\/wp-json\/wp\/v2\/comments?post=31715"}],"version-history":[{"count":0,"href":"https:\/\/lunafry.store\/en\/wp-json\/wp\/v2\/product\/31715\/revisions"}],"wp:featuredmedia":[{"embeddable":true,"href":"https:\/\/lunafry.store\/en\/wp-json\/wp\/v2\/media\/31737"}],"wp:attachment":[{"href":"https:\/\/lunafry.store\/en\/wp-json\/wp\/v2\/media?parent=31715"}],"wp:term":[{"taxonomy":"product_brand","embeddable":true,"href":"https:\/\/lunafry.store\/en\/wp-json\/wp\/v2\/product_brand?post=31715"},{"taxonomy":"product_cat","embeddable":true,"href":"https:\/\/lunafry.store\/en\/wp-json\/wp\/v2\/product_cat?post=31715"},{"taxonomy":"product_tag","embeddable":true,"href":"https:\/\/lunafry.store\/en\/wp-json\/wp\/v2\/product_tag?post=31715"}],"curies":[{"name":"wp","href":"https:\/\/api.w.org\/{rel}","templated":true}]}}