{"id":31712,"date":"2026-03-29T11:46:56","date_gmt":"2026-03-29T11:46:56","guid":{"rendered":"https:\/\/lunafry.store\/product\/staubsauger-6-in-1-stielstaubsauger-handstaubsauger-mit-6m-kabel-23kpa-stark-saugkraft-600w-motor-freistehender-staubsauger-beutellos-vacuum-cleaner-fur-harte-boden-teppich-klein-leicht-leiser\/"},"modified":"2026-03-29T11:46:56","modified_gmt":"2026-03-29T11:46:56","slug":"staubsauger-6-in-1-stielstaubsauger-handstaubsauger-mit-6m-kabel-23kpa-stark-saugkraft-600w-motor-freistehender-staubsauger-beutellos-vacuum-cleaner-fur-harte-boden-teppich-klein-leicht-leiser","status":"publish","type":"product","link":"https:\/\/lunafry.store\/en\/product\/staubsauger-6-in-1-stielstaubsauger-handstaubsauger-mit-6m-kabel-23kpa-stark-saugkraft-600w-motor-freistehender-staubsauger-beutellos-vacuum-cleaner-fur-harte-boden-teppich-klein-leicht-leiser\/","title":{"rendered":"6-in-1 Stielstaubsauger &#038; Handstaubsauger, 600W, 23 kPa, 6m Kabel, beutellos, leise, f\u00fcr Hartb\u00f6den &#038; Teppiche"},"content":{"rendered":"<p><strong>Product Overview<\/strong><\/p>\n<ul>\n<li>\n<strong>Marke:<\/strong> YISORA<\/li>\n<li>\n<strong>Besonderes Merkmal:<\/strong> <\/li>\n<li>\n<strong>Filtertyp:<\/strong> HEPA Filter<\/li>\n<li>\n<strong>Oberfl\u00e4chenempfehlung:<\/strong> Harte B\u00f6den Teppich<\/li>\n<li>\n<strong>Stromquelle:<\/strong> Kabelgebunden<\/li>\n<\/ul>\n<p><strong>Product Features<\/strong><\/p>\n<ul>\n<li>\u3010LEICHTER 6-IN-1 STAUBSAUGER\u3011Man kann den I8 Staubsauger als Stielstaubsauger auch Handstaubsauger nutzen, Staubsauger mit lange kabel 6M. Der Staubsauger beutellos wiegt nur 1.8 kg, ist klein Ultraleicht. Mit drei verschiedenen B\u00fcrsten (1* Motorisierter B\u00fcrstenkopf,1* Lange Fugend\u00fcse,1* 2 in 1 B\u00fcrste) geliefert, die sich f\u00fcr vielseitige Reinigungen leicht in 6 Kombinationen zusammenbauen lassen, der sich sehr gut f\u00fcr Sofas, Autos, Tastaturen und R\u00e4ume eignet.<\/li>\n<li>\u301023KPA STARK SAUGKRAFT &#038; 600W MOTOR\u3011Mit dem 600W Motor bietet der Staubsauger 23KPa Starke Saugkraft. Der Staubsauger mit kabel 6M macht h\u00e4ufige Steckdosenwechsel \u00fcberfl\u00fcssig und bietet Ihnen eine l\u00e4nger anhaltende, stabile und starke Saugleistung, die Sie nicht mehr st\u00f6rt. Ausgestattet mit 4 LED-Leuchten und 80-105CM Einziehbares Metallrohr zur bequemen H\u00f6henverstellung. Passt sich an verschiedene Untergr\u00fcnde an, leicht zu reinigen auf allen Bodenarten.<\/li>\n<li>\u3010UPGRADE ROLLER &#038; FREISTEHEND\u3011Der Staubsauger beutellos I8 verf\u00fcgt \u00fcber ein einzigartiges V-f\u00f6rmiges Design mit einer Kombination aus Gummi- und weichen Borsten, die das Staubwischen verbessern und das Verheddern von Haaren reduzieren. An der Bodenb\u00fcrste befindet sich eine Taste, mit der Sie die B\u00fcrste mit einem Tastendruck abnehmen k\u00f6nnen, so dass Sie sie schnell reinigen k\u00f6nnen.Dank der benutzerfreundlichen, freistehenden Konstruktion k\u00f6nnen Sie das Produkt \u00fcberall und jederzeit auf dem Boden abstellen.<\/li>\n<li>\u3010LANGE LAUFZEIT &#038; 99.99% FILTRATION\u3011Dieser Staubsauger mit kabel l\u00f6st effektiv das Problem der mangelnden Akkulaufzeit und ist damit die ideale erste Wahl f\u00fcr gro\u00dfe Aufgaben und die Reinigung des ganzen Hauses. Der Staubsauger ist mit einem 5-stufigen, vollst\u00e4ndig versiegelten Zyklon-Filtersystem ausgestattet, f\u00e4ngt 99.99% gro\u00dfe Partikel und Mikrostaub auf. Der 0.8L Staubbeh\u00e4lter l\u00e4sst sich schnell leeren.Hinweis: Die HEPA Filter kann mit Wasser gewaschen werden, aber bitte warten Sie, bis sie gr\u00fcndlich getrocknet sind, bevor Sie sie einbauen, damit kein Wasser in den Motor eindringt.<\/li>\n<li>\u3010FREUNDLICHE KUNDENSERVICE\u3011YISORA bietet 24 Monate lang Kundendienst und technischen Support f\u00fcr den Staubsauger I8. Wenn Sie Fragen haben oder das Zubeh\u00f6r den Staubsauger besch\u00e4digt ist, k\u00f6nnen Sie sich jederzeit an uns wenden.Unser Ziel ist es, Ihnen und Ihrer Familie ein komfortableres und bequemeres Lebensumfeld zu bieten. Leichter, bequemer.<\/li>\n<\/ul>\n<p><strong>Product Information<\/strong><\/p>\n<ul>\n<table style=\"margin-bottom:20px\">\n<tbody>\n<tr>\n<td><strong>Besondere Merkmale<\/strong><\/td>\n<td>\u27a4Ultraleicht\u27a4kleiner\u27a46M Kabel\u27a46 IN 1 Staubsauger\u27a4600W Motor\u27a4Saugleistung von 23KPa\u27a44 LED-Lampen\u27a4Einziehbares Metallrohr von 80-105CM\u27a4V-f\u00f6rmiges Design\u27a4Lange Betriebsdauer\u27a499.99% Filterung\u27a4 Staubbeh\u00e4lter mit 0.8L Fassungsverm\u00f6gen\u27a424 Monate Kundendienst<\/td>\n<\/tr>\n<tr>\n<td><strong>Filtertyp<\/strong><\/td>\n<td>HEPA Filter<\/td>\n<\/tr>\n<tr>\n<td><strong>Geeignete Gel\u00e4ndeart<\/strong><\/td>\n<td>Harte B\u00f6den Teppich<\/td>\n<\/tr>\n<tr>\n<td><strong>Empfohlene Verw.bereiche f\u00fcr Produkt<\/strong><\/td>\n<td>Harte B\u00f6den Teppich<\/td>\n<\/tr>\n<tr>\n<td><strong>Farbe<\/strong><\/td>\n<td>Marineblau<\/td>\n<\/tr>\n<tr>\n<td><strong>Ger\u00e4uschpegel<\/strong><\/td>\n<td>70 Dezibel<\/td>\n<\/tr>\n<tr>\n<td><strong>Stil\/Form<\/strong><\/td>\n<td>Modern<\/td>\n<\/tr>\n<tr>\n<td><strong>Tragbar<\/strong><\/td>\n<td>Ja<\/td>\n<\/tr>\n<tr>\n<td><strong>Verwendung im Innen- und Au\u00dfenbereich<\/strong><\/td>\n<td>Innenbereich<\/td>\n<\/tr>\n<tr>\n<td><strong>Betriebsart<\/strong><\/td>\n<td>Kabelgebunden<\/td>\n<\/tr>\n<tr>\n<td><strong>Ist das Produkt kabellos<\/strong><\/td>\n<td>Nein<\/td>\n<\/tr>\n<tr>\n<td><strong>Artikelgewicht<\/strong><\/td>\n<td>3,2 Kilogramm<\/td>\n<\/tr>\n<tr>\n<td><strong>Artikel Abmessungen L x B x H<\/strong><\/td>\n<td>26L x 18B x 44H cm<\/td>\n<\/tr>\n<tr>\n<td><strong>Marke<\/strong><\/td>\n<td>YISORA<\/td>\n<\/tr>\n<tr>\n<td><strong>Eingeschlossene Komponenten<\/strong><\/td>\n<td>\u27a41* Hauptmotor (6 m Kabel)\u27a41* Motorisierter B\u00fcrstenkopf\u27a41* Verstellbares Rohr\u27a41* Lange Fugend\u00fcse\u27a41* 2-in-1-B\u00fcrste\u27a41* Adapter\u27a41* Wandhalterung + Schrauben\u27a41* Gebrauchsanweisung\u27a41* Reinigungsteil\u27a42* HEPA<\/td>\n<\/tr>\n<tr>\n<td><strong>Modellname<\/strong><\/td>\n<td>I8-DE<\/td>\n<\/tr>\n<tr>\n<td><strong>Modellnummer<\/strong><\/td>\n<td>I8-DE<\/td>\n<\/tr>\n<tr>\n<td><strong>Herkunftsland<\/strong><\/td>\n<td>China<\/td>\n<\/tr>\n<tr>\n<td><strong>Hersteller<\/strong><\/td>\n<td>YISORA<\/td>\n<\/tr>\n<tr>\n<td><strong>Anzahl von Artikeln<\/strong><\/td>\n<td>1<\/td>\n<\/tr>\n<tr>\n<td><strong>Amazon Bestseller-Rang<\/strong><\/td>\n<td><\/td>\n<\/tr>\n<tr>\n<td><strong>ASIN<\/strong><\/td>\n<td>B0GJ92D5GY<\/td>\n<\/tr>\n<tr>\n<td><strong>Durchschnittliche Kundenbewertung<\/strong><\/td>\n<td><\/td>\n<\/tr>\n<tr>\n<td><strong>Wattleistung<\/strong><\/td>\n<td>600 Watt<\/td>\n<\/tr>\n<tr>\n<td><strong>Formfaktor<\/strong><\/td>\n<td>Stick<\/td>\n<\/tr>\n<\/tbody>\n<\/table>\n<\/ul>","protected":false},"excerpt":{"rendered":"<p>Product Overview Marke: YISORA Besonderes Merkmal: Filtertyp: HEPA Filter Oberfl\u00e4chenempfehlung: Harte B\u00f6den Teppich Stromquelle: Kabelgebunden Product Features \u3010LEICHTER 6-IN-1 STAUBSAUGER\u3011Man<\/p>","protected":false},"featured_media":31713,"comment_status":"open","ping_status":"closed","template":"","meta":[],"product_brand":[],"product_cat":[],"product_tag":[],"class_list":{"0":"post-31712","1":"product","2":"type-product","3":"status-publish","4":"has-post-thumbnail","7":"first","8":"instock","9":"sale","10":"shipping-taxable","11":"purchasable","12":"product-type-simple"},"jetpack_sharing_enabled":true,"_links":{"self":[{"href":"https:\/\/lunafry.store\/en\/wp-json\/wp\/v2\/product\/31712","targetHints":{"allow":["GET"]}}],"collection":[{"href":"https:\/\/lunafry.store\/en\/wp-json\/wp\/v2\/product"}],"about":[{"href":"https:\/\/lunafry.store\/en\/wp-json\/wp\/v2\/types\/product"}],"replies":[{"embeddable":true,"href":"https:\/\/lunafry.store\/en\/wp-json\/wp\/v2\/comments?post=31712"}],"version-history":[{"count":0,"href":"https:\/\/lunafry.store\/en\/wp-json\/wp\/v2\/product\/31712\/revisions"}],"wp:featuredmedia":[{"embeddable":true,"href":"https:\/\/lunafry.store\/en\/wp-json\/wp\/v2\/media\/31713"}],"wp:attachment":[{"href":"https:\/\/lunafry.store\/en\/wp-json\/wp\/v2\/media?parent=31712"}],"wp:term":[{"taxonomy":"product_brand","embeddable":true,"href":"https:\/\/lunafry.store\/en\/wp-json\/wp\/v2\/product_brand?post=31712"},{"taxonomy":"product_cat","embeddable":true,"href":"https:\/\/lunafry.store\/en\/wp-json\/wp\/v2\/product_cat?post=31712"},{"taxonomy":"product_tag","embeddable":true,"href":"https:\/\/lunafry.store\/en\/wp-json\/wp\/v2\/product_tag?post=31712"}],"curies":[{"name":"wp","href":"https:\/\/api.w.org\/{rel}","templated":true}]}}